{"id":14,"date":"2017-03-14T06:50:13","date_gmt":"2017-03-14T05:50:13","guid":{"rendered":"http:\/\/bcsla.m-design.hu\/site\/?page_id=14"},"modified":"2020-04-03T10:30:26","modified_gmt":"2020-04-03T08:30:26","slug":"uzenet","status":"publish","type":"page","link":"https:\/\/bcsla.hu\/site\/kapcsolat\/uzenet\/","title":{"rendered":"\u00dczenet"},"content":{"rendered":"<div id=\"vfb-form-4\" class=\"visual-form-builder-container\"><form id=\"uzenetkuldes-4\" class=\"visual-form-builder vfb-form-4 \" method=\"post\" enctype=\"multipart\/form-data\">\n\t  \t<input type=\"hidden\" name=\"form_id\" value=\"4\" \/><fieldset class=\"vfb-fieldset vfb-fieldset-1 49 \" id=\"item-vfb-49\">&nbsp;<ul class=\"vfb-section vfb-section-1\"><li class=\"vfb-item vfb-item-instructions  \" id=\"item-vfb-53\"><label class=\"vfb-desc\">Inform\u00e1ci\u00f3k <\/label><div align=\"justify\">Az al\u00e1bbi \u0171rlapot pontosan \u00e9s hi\u00e1nytalanul kit\u00f6ltve egyszer\u0171en \u00e9s gyorsan k\u00fcldhet a k\u00f6zponti e-mail c\u00edm\u00fcnkre \u00fczenetet!<br>\r\n  <br>\r\nA *-gal jel\u00f6lt mez\u0151k kit\u00f6lt\u00e9se \u00e9s az ellen\u0151rz\u0151 k\u00f3d be\u00edr\u00e1sa sz\u00fcks\u00e9ges.<\/div><\/li><li class=\"vfb-item vfb-item-text  \" id=\"item-vfb-54\"><label for=\"vfb-54\" class=\"vfb-desc\">N\u00e9v  <span class=\"vfb-required-asterisk\">*<\/span><\/label><input type=\"text\" name=\"vfb-54\" id=\"vfb-54\" value=\"\" class=\"vfb-text  vfb-medium  required  \" \/><\/li><li class=\"vfb-item vfb-item-email  \" id=\"item-vfb-55\"><label for=\"vfb-55\" class=\"vfb-desc\">E-mail c\u00edm  <span class=\"vfb-required-asterisk\">*<\/span><\/label><input type=\"email\" name=\"vfb-55\" id=\"vfb-55\" value=\"\" class=\"vfb-text  vfb-medium  required  email \" \/><\/li><li class=\"vfb-item vfb-item-phone  \" id=\"item-vfb-56\"><label for=\"vfb-56\" class=\"vfb-desc\">Telefonsz\u00e1m  <span class=\"vfb-required-asterisk\">*<\/span><\/label><span class=\"vfb-span\"><input type=\"tel\" name=\"vfb-56\" id=\"vfb-56\" value=\"\" class=\"vfb-text  vfb-medium  required  phone \" \/><label>Csak sz\u00e1mokat sz\u00edveskedjen be\u00edrni!<\/label><\/span><\/li><li class=\"vfb-item vfb-item-textarea  \" id=\"item-vfb-57\"><label for=\"vfb-57\" class=\"vfb-desc\">\u00dczenet  <span class=\"vfb-required-asterisk\">*<\/span><\/label><div><textarea name=\"vfb-57\" id=\"vfb-57\" class=\"vfb-textarea  vfb-medium  required \"><\/textarea><\/div><\/li><li class=\"vfb-item vfb-item-file-upload  \" id=\"item-vfb-58\"><label for=\"vfb-58\" class=\"vfb-desc\">Csatolm\u00e1ny <\/label><span class=\"vfb-span\"><input type=\"file\" name=\"vfb-58\" id=\"vfb-58\" value=\"\" class=\"vfb-text  vfb-medium     {accept:'png|jpe?g|gif|pdf|doc|xls|docx|xlsx'}\" \/><label>Maxim\u00e1lis m\u00e9ret: 25 MB (png|jpg|gif|pdf|doc|xls|docx|xlsx)<\/label><\/span><\/li><\/ul>&nbsp;<\/fieldset><fieldset class=\"vfb-fieldset vfb-fieldset-2 captcha-kod \" id=\"item-vfb-50\" style=\"display:block\"><div class=\"vfb-legend\"><h3>Captcha-k\u00f3d<\/h3><\/div><ul class=\"vfb-section vfb-section-2\"><li class=\"vfb-item vfb-item-secret\"  style=\"display:block\"><label for=\"vfb-51\" class=\"vfb-desc\">\u00cdrjon be k\u00e9t karakterb\u0151l \u00e1ll\u00f3 sz\u00e1mjegyet! <span class=\"vfb-required-asterisk\">*<\/span><\/label><input type=\"hidden\" name=\"_vfb-secret\" value=\"vfb-51\" \/><span class=\"vfb-span\"><input type=\"text\" name=\"vfb-51\" id=\"vfb-51\" value=\"\" class=\"vfb-text  vfb-medium  required {digits:true,maxlength:2,minlength:2} \" style=\"display:block\" \/><label>P\u00e9ld\u00e1ul: 12<\/label><\/span><li style=\"display:none;\"><label>This box is for spam protection - &lt;strong&gt;please leave it blank&lt;\/strong&gt;:<\/label><div><input name=\"vfb-spam\" \/><\/div><\/li>\n\t\t\t<li class=\"vfb-item vfb-item-submit\" id=\"item-vfb-52\">\n\t\t\t\t<input type=\"submit\" name=\"vfb-submit\" id=\"vfb-52\" value=\"\u00dczenet elk\u00fcld\u00e9se\" class=\"vfb-submit \" \/>\n\t\t\t\t<\/li><\/ul>\n\t\t\t<\/fieldset><input type=\"hidden\" name=\"_wp_http_referer\" value=\"\/site\/wp-json\/wp\/v2\/pages\/14\" \/><\/form><\/div> <!-- .visual-form-builder-container -->\n","protected":false},"excerpt":{"rendered":"","protected":false},"author":1,"featured_media":0,"parent":2,"menu_order":43,"comment_status":"closed","ping_status":"closed","template":"","meta":{"footnotes":""},"class_list":["post-14","page","type-page","status-publish","hentry"],"publishpress_future_action":{"enabled":false,"date":"2026-05-02 11:09:50","action":"change-status","newStatus":"draft","terms":[],"taxonomy":"","extraData":[]},"publishpress_future_workflow_manual_trigger":{"enabledWorkflows":[]},"_links":{"self":[{"href":"https:\/\/bcsla.hu\/site\/wp-json\/wp\/v2\/pages\/14","targetHints":{"allow":["GET"]}}],"collection":[{"href":"https:\/\/bcsla.hu\/site\/wp-json\/wp\/v2\/pages"}],"about":[{"href":"https:\/\/bcsla.hu\/site\/wp-json\/wp\/v2\/types\/page"}],"author":[{"embeddable":true,"href":"https:\/\/bcsla.hu\/site\/wp-json\/wp\/v2\/users\/1"}],"replies":[{"embeddable":true,"href":"https:\/\/bcsla.hu\/site\/wp-json\/wp\/v2\/comments?post=14"}],"version-history":[{"count":4,"href":"https:\/\/bcsla.hu\/site\/wp-json\/wp\/v2\/pages\/14\/revisions"}],"predecessor-version":[{"id":5976,"href":"https:\/\/bcsla.hu\/site\/wp-json\/wp\/v2\/pages\/14\/revisions\/5976"}],"up":[{"embeddable":true,"href":"https:\/\/bcsla.hu\/site\/wp-json\/wp\/v2\/pages\/2"}],"wp:attachment":[{"href":"https:\/\/bcsla.hu\/site\/wp-json\/wp\/v2\/media?parent=14"}],"curies":[{"name":"wp","href":"https:\/\/api.w.org\/{rel}","templated":true}]}}