{"id":3191,"date":"2018-04-15T09:32:43","date_gmt":"2018-04-15T07:32:43","guid":{"rendered":"https:\/\/bcsla.hu\/site\/?page_id=3191"},"modified":"2020-04-01T15:56:23","modified_gmt":"2020-04-01T13:56:23","slug":"adatvedelem","status":"publish","type":"page","link":"https:\/\/bcsla.hu\/site\/kapcsolat\/adatvedelem\/","title":{"rendered":"Adatv\u00e9delem"},"content":{"rendered":"<p style=\"text-align: justify;\"><strong>Adatv\u00e9delmi Nyilatkozat<\/strong><\/p>\n<p style=\"text-align: justify;\">A B\u00e9k\u00e9scsaba 1912 El\u0151re Sportegyes\u00fclet tiszteletben tartja az \u00e1ltala \u00fczemeltetett weboldalak l\u00e1togat\u00f3inak jogait.<br \/>\nA jelen Adatv\u00e9delmi Nyilatkozat \u00f6sszefoglalja, milyen inform\u00e1ci\u00f3kat k\u00e9rhet\u00fcnk \u00d6nt\u0151l, \u00e9s milyen c\u00e9lokra haszn\u00e1lhatjuk fel azokat. Ezen t\u00falmen\u0151en t\u00e1j\u00e9koztatjuk \u00d6nt arr\u00f3l is, mit kell tennie, ha nem akarja megosztani vel\u00fcnk vagy m\u00e1sokkal ezeket az inform\u00e1ci\u00f3kat a weboldal l\u00e1togat\u00e1sa sor\u00e1n.<\/p>\n<p style=\"text-align: justify;\">A B\u00e9k\u00e9scsaba 1912 El\u0151re Sportegyes\u00fclet honlapj\u00e1hoz b\u00e1rki kil\u00e9te felfed\u00e9se \u00e9s szem\u00e9lyes adatai megad\u00e1sa n\u00e9lk\u00fcl hozz\u00e1f\u00e9rhet, a honlapon \u00e9s az ahhoz kapcsolt oldalakon szabadon \u00e9s korl\u00e1toz\u00e1s n\u00e9lk\u00fcl szerezhet inform\u00e1ci\u00f3kat.<\/p>\n<p style=\"text-align: justify;\">A B\u00e9k\u00e9scsaba 1912 El\u0151re Sportegyes\u00fclet csak \u00e9s kiz\u00e1r\u00f3lag abban az esetben t\u00e1rolja az \u00d6n szem\u00e9lyes adatait (pl. n\u00e9v, lakc\u00edm, telefonsz\u00e1m, e-mail c\u00edm), amennyiben \u00d6n azt \u00f6nk\u00e9nt adta meg nek\u00fcnk. Amennyiben nem szeretn\u00e9, hogy szem\u00e9lyes adatait felhaszn\u00e1ljuk, k\u00e9rj\u00fck, ne adja meg \u0151ket.<\/p>\n<p style=\"text-align: justify;\">A B\u00e9k\u00e9scsaba 1912 El\u0151re Sportegyes\u00fclet mindent megtesz annak \u00e9rdek\u00e9ben, hogy az \u00d6n adatainak kezel\u00e9se \u00e9s feldolgoz\u00e1sa sor\u00e1n a hat\u00e1lyos jogszab\u00e1lyok alapj\u00e1n \u00d6nt megillet\u0151 v\u00e9delem biztos\u00edtva legyen, ez\u00e9rt az \u00d6n \u00e1ltal megadott szem\u00e9lyes adatokat a megfelel\u0151 biztons\u00e1gi rendszerrel v\u00e9dj\u00fck annak \u00e9rdek\u00e9ben, hogy ahhoz illet\u00e9ktelen szem\u00e9ly vagy szem\u00e9lyek ne f\u00e9rhessenek hozz\u00e1,<\/p>\n<p style=\"text-align: justify;\">Abban az esetben, ha \u00d6n megosztotta vel\u00fcnk szem\u00e9lyes adatait, azokat kiz\u00e1r\u00f3lag a honlapon felt\u00fcntetett k\u00f6rben \u00e9s m\u00f3don haszn\u00e1ljuk fel.<\/p>\n<p style=\"text-align: justify;\">T\u00e1j\u00e9koztatjuk, hogy a weboldal l\u00e1togat\u00f3ir\u00f3l nem szem\u00e9lyhez k\u00f6t\u00f6tt inform\u00e1ci\u00f3kat korl\u00e1tlanul \u00e9s automatikusan gy\u0171jthet\u00fcnk \u00e9s automatikusan (azaz nem regisztr\u00e1ci\u00f3 \u00fatj\u00e1n) r\u00f6gz\u00edt\u00fcnk olyan technikai inform\u00e1ci\u00f3kat, melyek nem azonos\u00edthat\u00f3ak, mint p\u00e9ld\u00e1ul az \u00d6n \u00e1ltal haszn\u00e1lt b\u00f6ng\u00e9sz\u0151 \u00e9s oper\u00e1ci\u00f3s rendszer t\u00edpusa, vagy a weboldal c\u00edme, ahonnan a mi oldalunkra \u00e9rkezett.\u00a0 Felh\u00edvjuk figyelm\u00e9t arra, hogy ezen adatokb\u00f3l szem\u00e9lyes adat nem nyerhet\u0151, az \u00d6n kil\u00e9te nem meg\u00e1llap\u00edthat\u00f3.<\/p>\n<p style=\"text-align: justify;\">T\u00e1j\u00e9koztatjuk tov\u00e1bb\u00e1 arr\u00f3l, hogy amikor \u00d6n egy weboldalunkat megl\u00e1togatja, automatikusan elhelyezhet\u00fcnk a sz\u00e1m\u00edt\u00f3g\u00e9p\u00e9n inform\u00e1ci\u00f3t. Ez egy \u00fagynevezett cookie file vagy hasonl\u00f3 form\u00e1tum, ami sok seg\u00edts\u00e9get ny\u00fajthat. P\u00e9ld\u00e1ul a cookie seg\u00edts\u00e9g\u00e9vel szem\u00e9lyre szabhatjuk oldalunkat, hogy az m\u00e9g ink\u00e1bb megfeleljen elv\u00e1r\u00e1sainak, ig\u00e9nyeinek. A legt\u00f6bb b\u00f6ng\u00e9sz\u0151ben let\u00f6r\u00f6lheti a cookie-kat, letilthatja azok haszn\u00e1lat\u00e1t vagy figyelmeztet\u00e9st k\u00e9rhet, miel\u0151tt egy cookie elt\u00e1rol\u00f3dik a g\u00e9p\u00e9n. Ezzel kapcsolatban a b\u00f6ng\u00e9sz\u0151je haszn\u00e1lati utas\u00edt\u00e1s\u00e1ban vagy Help r\u00e9sz\u00e9ben tal\u00e1lhat tov\u00e1bbi inform\u00e1ci\u00f3t.<\/p>\n<p style=\"text-align: justify;\">T\u00e1j\u00e9koztatjuk, hogy a B\u00e9k\u00e9scsaba 1912 El\u0151re Sportegyes\u00fclet honlapj\u00e1t \u00e9s az ott k\u00f6z\u00f6lt inform\u00e1ci\u00f3kat rendszeresen ellen\u0151rizz\u00fck, minden t\u0151l\u00fcnk telhet\u0151t megtesz\u00fcnk annak \u00e9rdek\u00e9ben, hogy az inform\u00e1ci\u00f3k frissek \u00e9s val\u00f3diak legyenek. Ennek ellen\u00e9re el\u0151fordulhat, hogy olyan inform\u00e1ci\u00f3t tal\u00e1l a weboldalunkon, amelyik m\u00e1r nem aktu\u00e1lis. A B\u00e9k\u00e9scsaba 1912 El\u0151re Sportegyes\u00fclet ezek\u00e9rt anyagi felel\u0151ss\u00e9get nem v\u00e1llal.<\/p>\n<p style=\"text-align: justify;\">Felh\u00edvjuk a figyelm\u00e9t arra, hogy a B\u00e9k\u00e9scsaba 1912 El\u0151re Sportegyes\u00fclet honlapj\u00e1r\u00f3l m\u00e1s nem a B\u00e9k\u00e9scsaba 1912 El\u0151re Sportegyes\u00fclet honlapjaira is ell\u00e1togathat. Az ott k\u00f6z\u00f6lt adatok helyess\u00e9g\u00e9\u00e9rt, a weblapok tartalm\u00e1\u00e9rt illetve az \u00d6n \u00e1ltal itt megadott adatai biztons\u00e1g\u00e1\u00e9rt a B\u00e9k\u00e9scsaba 1912 El\u0151re Sportegyes\u00fclet felel\u0151ss\u00e9get nem v\u00e1llal. Ez\u00e9rt ezen weblapok haszn\u00e1lata eset\u00e9n k\u00e9rj\u00fck gy\u0151z\u0151dj\u00f6n meg az adott c\u00e9g adatv\u00e9delmi ir\u00e1nyelveir\u0151l.<\/p>\n<p style=\"text-align: justify;\">\n","protected":false},"excerpt":{"rendered":"<p>Adatv\u00e9delmi Nyilatkozat A B\u00e9k\u00e9scsaba 1912 El\u0151re Sportegyes\u00fclet tiszteletben tartja az \u00e1ltala \u00fczemeltetett weboldalak l\u00e1togat\u00f3inak jogait. A jelen Adatv\u00e9delmi Nyilatkozat \u00f6sszefoglalja, milyen inform\u00e1ci\u00f3kat k\u00e9rhet\u00fcnk \u00d6nt\u0151l, \u00e9s milyen c\u00e9lokra haszn\u00e1lhatjuk fel azokat. Ezen t\u00falmen\u0151en t\u00e1j\u00e9koztatjuk \u00d6nt arr\u00f3l is, mit kell tennie, ha nem akarja megosztani vel\u00fcnk vagy m\u00e1sokkal ezeket az inform\u00e1ci\u00f3kat a weboldal l\u00e1togat\u00e1sa sor\u00e1n. A B\u00e9k\u00e9scsaba [&hellip;]<\/p>\n","protected":false},"author":1,"featured_media":0,"parent":2,"menu_order":26,"comment_status":"closed","ping_status":"closed","template":"","meta":{"footnotes":""},"class_list":["post-3191","page","type-page","status-publish","hentry"],"publishpress_future_action":{"enabled":false,"date":"2026-04-30 11:12:50","action":"change-status","newStatus":"draft","terms":[],"taxonomy":"","extraData":[]},"publishpress_future_workflow_manual_trigger":{"enabledWorkflows":[]},"_links":{"self":[{"href":"https:\/\/bcsla.hu\/site\/wp-json\/wp\/v2\/pages\/3191","targetHints":{"allow":["GET"]}}],"collection":[{"href":"https:\/\/bcsla.hu\/site\/wp-json\/wp\/v2\/pages"}],"about":[{"href":"https:\/\/bcsla.hu\/site\/wp-json\/wp\/v2\/types\/page"}],"author":[{"embeddable":true,"href":"https:\/\/bcsla.hu\/site\/wp-json\/wp\/v2\/users\/1"}],"replies":[{"embeddable":true,"href":"https:\/\/bcsla.hu\/site\/wp-json\/wp\/v2\/comments?post=3191"}],"version-history":[{"count":2,"href":"https:\/\/bcsla.hu\/site\/wp-json\/wp\/v2\/pages\/3191\/revisions"}],"predecessor-version":[{"id":5962,"href":"https:\/\/bcsla.hu\/site\/wp-json\/wp\/v2\/pages\/3191\/revisions\/5962"}],"up":[{"embeddable":true,"href":"https:\/\/bcsla.hu\/site\/wp-json\/wp\/v2\/pages\/2"}],"wp:attachment":[{"href":"https:\/\/bcsla.hu\/site\/wp-json\/wp\/v2\/media?parent=3191"}],"curies":[{"name":"wp","href":"https:\/\/api.w.org\/{rel}","templated":true}]}}