{"id":3197,"date":"2018-04-15T09:46:15","date_gmt":"2018-04-15T07:46:15","guid":{"rendered":"https:\/\/bcsla.hu\/site\/?page_id=3197"},"modified":"2020-04-01T15:56:05","modified_gmt":"2020-04-01T13:56:05","slug":"cookie","status":"publish","type":"page","link":"https:\/\/bcsla.hu\/site\/kapcsolat\/cookie\/","title":{"rendered":"Cookie"},"content":{"rendered":"<p style=\"text-align: justify;\"><b>Regisztr\u00e1ci\u00f3s oldalak, megrendel\u0151lapok<\/b><\/p>\n<p style=\"text-align: justify;\">A bcsla.hu szolg\u00e1ltat\u00e1sainak ig\u00e9nybev\u00e9tel\u00e9hez bizonyos esetekben sz\u00fcks\u00e9g lehet regisztr\u00e1ci\u00f3s formanyomtatv\u00e1nyok kit\u00f6lt\u00e9s\u00e9re. Az ilyen oldalakon a kapcsolatfelv\u00e9telhez sz\u00fcks\u00e9ges szem\u00e9lyes adatokat (nevet, telefonsz\u00e1mot, e-mail c\u00edmet) k\u00e9rj\u00fck el. Olykor k\u00e9r\u00fcnk egy\u00e9b adatokat is (pl. demogr\u00e1fiai inform\u00e1ci\u00f3kat), de arra mindv\u00e9gig t\u00f6reksz\u00fcnk, hogy a k\u00e9rt t\u00f6bbletinform\u00e1ci\u00f3 m\u00e9rt\u00e9ke \u00e9s m\u00e9lys\u00e9ge ar\u00e1nyban \u00e1lljon a szolg\u00e1ltat\u00e1s ig\u00e9nybev\u00e9tel\u00e9vel szerezhet\u0151 el\u0151ny\u00f6k m\u00e9rt\u00e9k\u00e9vel.<\/p>\n<p style=\"text-align: justify;\">Amennyiben fizet\u0151s szolg\u00e1ltat\u00e1s ig\u00e9nybev\u00e9tel\u00e9hez k\u00e9r\u00fcnk szem\u00e9lyes, adatokat megadni, \u00fagy olyan tov\u00e1bbi szem\u00e9lyes adatokat is elk\u00e9rhet\u00fcnk, mint a sz\u00e1ll\u00edt\u00e1si c\u00edm, hitelk\u00e1rtya sz\u00e1ma, prepaid k\u00e1rtya sz\u00e1ma stb. Ezekre az adatokra a fizet\u00e9si folyamat teljes\u00edt\u00e9se, lez\u00e1r\u00e1sa, illetve az \u00e9rtes\u00edt\u00e9si \u00e9s sz\u00e1ll\u00edt\u00e1si k\u00f6telezetts\u00e9gek szerz\u0151d\u00e9sszer\u0171 teljes\u00edt\u00e9se v\u00e9gett van sz\u00fcks\u00e9g.<\/p>\n<p style=\"text-align: justify;\"><b><br \/>\nAnonim l\u00e1togat\u00f3azonos\u00edt\u00f3 (s\u00fcti) elhelyez\u00e9se<\/b><\/p>\n<p style=\"text-align: justify;\">Az anonim l\u00e1togat\u00f3azonos\u00edt\u00f3k (s\u00fctik) olyan f\u00e1jlok vagy inform\u00e1ci\u00f3darabok, amelyek a sz\u00e1m\u00edt\u00f3g\u00e9peden (vagy m\u00e1s internetk\u00e9pes k\u00e9sz\u00fcl\u00e9keiden, mint okostelefonodon vagy t\u00e1blag\u00e9peden) t\u00e1rol\u00f3dnak, amikor megl\u00e1togatod oldalainkat. Egy s\u00fcti \u00e1ltal\u00e1ban tartalmazza a webhely nev\u00e9t, ahonnan az j\u00f6tt, a saj\u00e1t \u201e\u00e9lettartam\u00e1t\u201d (vagyis, hogy milyen hosszan marad a k\u00e9sz\u00fcl\u00e9keden) \u00e9s az \u00e9rt\u00e9k\u00e9t, ami \u00e1ltal\u00e1ban egy v\u00e9letlenszer\u0171en gener\u00e1lt egyedi sz\u00e1m.<\/p>\n<p style=\"text-align: justify;\">A s\u00fctiket arra haszn\u00e1ljuk, hogy a k\u00e9s\u0151bbiekben jobban testre lehessen szabni honlapjainkat, a term\u00e9keinket az \u00e9rdekl\u0151d\u00e9sednek \u00e9s ig\u00e9nyeidnek megfelel\u0151en k\u00edn\u00e1ljuk sz\u00e1modra, ez\u00e1ltal k\u00f6nnyebb legyen oldalaink haszn\u00e1lata. A s\u00fctik seg\u00edtenek felgyors\u00edtani a j\u00f6v\u0151beni tev\u00e9kenys\u00e9geid \u00e9s jobb\u00e1 tenni az \u00e9lm\u00e9nyt oldalaink haszn\u00e1lata k\u00f6zben. A s\u00fctik anonim, \u00f6sszes\u00edtett statisztika k\u00e9sz\u00edt\u00e9s\u00e9re is alkalmasak, \u00edgy jobban meg\u00e9rthetj\u00fck, hogy az emberek hogyan haszn\u00e1lj\u00e1k az oldalainkat \u00e9s \u00edgy jav\u00edtani tudunk azok strukt\u00far\u00e1j\u00e1n \u00e9s tartalm\u00e1n. Ebb\u0151l az inform\u00e1ci\u00f3b\u00f3l nem tudunk t\u00e9ged szem\u00e9ly szerint azonos\u00edtani.<\/p>\n<p style=\"text-align: justify;\">K\u00e9tf\u00e9le s\u00fctit haszn\u00e1lhatunk a bcsla.hu oldalakon, a munkamenet s\u00fctiket \u00e9s az \u00e1lland\u00f3 s\u00fctiket. A munkamenet s\u00fctik ideiglenesek, azaz addig maradnak a k\u00e9sz\u00fcl\u00e9keden, am\u00edg el nem hagyod a&nbsp;bcsla.hu oldal\u00e1t. Az \u00e1lland\u00f3 s\u00fctik sokkal tov\u00e1bb maradnak a k\u00e9sz\u00fcl\u00e9keden, el\u0151fordulhat, hogy eg\u00e9szen addig, am\u00edg manu\u00e1lisan ki nem t\u00f6rl\u00f6d \u0151ket.<\/p>\n<p style=\"text-align: justify;\">M\u00e1s oldalak is gy\u0171jtenek inform\u00e1ci\u00f3t pixel tageket haszn\u00e1lva, amelyeket meg lehet osztani harmadik f\u00e9llel. Ez k\u00f6zvetlen\u00fcl t\u00e1mogatja prom\u00f3ci\u00f3s tev\u00e9kenys\u00e9geinket \u00e9s weboldalfejleszt\u00e9s\u00fcnket. P\u00e9ld\u00e1ul l\u00e1togat\u00f3ink weboldal haszn\u00e1lati inform\u00e1ci\u00f3j\u00e1t meg lehet osztani rekl\u00e1m\u00fcgyn\u00f6ks\u00e9gekkel, hogy hat\u00e9konyabban tudjuk haszn\u00e1lni az online hirdet\u00e9seket a weboldalainkon. Mindamellett az inform\u00e1ci\u00f3 nem szem\u00e9lyesen azonos\u00edt\u00f3, hab\u00e1r k\u00f6thet\u0151 a szem\u00e9lyes adatokhoz.<\/p>\n<p style=\"text-align: justify;\">A&nbsp;B\u00e9k\u00e9scsaba 1912 El\u0151re Sportegyes\u00fclet oldalain haszn\u00e1lt s\u00fctik<\/p>\n<table class=\" last\" border=\"0\" summary=\"\" cellspacing=\"0\" cellpadding=\"0\">\n<tbody>\n<tr>\n<td class=\"td0\">\n<p class=\"last\"><b>S\u00fcti t\u00edpus<\/b><\/p>\n<\/td>\n<td class=\"td1\">\n<p class=\"last\"><b>Mit csin\u00e1l?<\/b><\/p>\n<\/td>\n<td class=\"td2\">\n<p class=\"last\"><b>Ez a s\u00fcti gy\u0171jt szem\u00e9lyes adatokat vagy azonos\u00edt engem?<\/b><\/p>\n<\/td>\n<\/tr>\n<tr>\n<td class=\"td0\">\n<p class=\"last\"><b>Sz\u00fcks\u00e9ges s\u00fctik<\/b><\/p>\n<\/td>\n<td class=\"td1\">\n<p class=\"last\">Ezek a s\u00fctik alapvet\u0151ek ahhoz sz\u00fcks\u00e9gesek, hogy az oldalak j\u00f3l m\u0171k\u00f6djenek, lehet\u0151v\u00e9 teszik, hogy mozogj webhelyeinken \u00e9s haszn\u00e1ld a k\u00fcl\u00f6nb\u00f6z\u0151 funkci\u00f3kat. P\u00e9ld\u00e1ul a kor\u00e1bbi l\u00e9p\u00e9sekre, be\u00edrt sz\u00f6vegre val\u00f3 eml\u00e9kez\u00e9s megk\u00f6nny\u00edti a haszn\u00e1latot, amikor visszanavig\u00e1lsz egy oldalra ugyanabban a munkamenetben.<\/p>\n<\/td>\n<td class=\"td2\">\n<p class=\"last\">Ezek a s\u00fctik nem azonos\u00edtanak egy\u00e9nileg.<br \/>\nHa nem fogadod el ezen s\u00fctik haszn\u00e1lat\u00e1t, annak hat\u00e1sa lehet a webhelyre \u00e9s annak teljes\u00edtm\u00e9ny\u00e9re.<\/p>\n<\/td>\n<\/tr>\n<tr>\n<td class=\"td0\">\n<p class=\"last\"><b>Teljes\u00edtm\u00e9ny s\u00fctik (Performance)<\/b><\/p>\n<\/td>\n<td class=\"td1\">\n<p class=\"last\">Ezek a s\u00fctik seg\u00edtenek meg\u00e9rteni, hogy a l\u00e1togat\u00f3k hogyan l\u00e9pnek kapcsolatba webhelyeinkkel az\u00e1ltal, hogy inform\u00e1ci\u00f3t szolg\u00e1ltatnak a megl\u00e1togatott helyekr\u0151l, arr\u00f3l, hogy mennyi id\u0151t t\u00f6ltenek az oldalon, \u00e9s b\u00e1rmely probl\u00e9m\u00e1r\u00f3l, amivel tal\u00e1lkoztak, mint p\u00e9ld\u00e1ul a hiba\u00fczenetek. Ez seg\u00edt nek\u00fcnk a webhelyeink teljes\u00edtm\u00e9ny\u00e9nek jav\u00edt\u00e1s\u00e1ban.<\/p>\n<\/td>\n<td class=\"td2\">\n<p class=\"last\">Ezek a s\u00fctik nem azonos\u00edtanak egy\u00e9nileg.&nbsp; Az adatokat \u00f6sszes\u00edtve \u00e9s n\u00e9vtelen\u00fcl gy\u0171jtik.<\/p>\n<\/td>\n<\/tr>\n<tr>\n<td class=\"td0\">\n<p class=\"last\"><b>Funkcionalit\u00e1s s\u00fctik<\/b><\/p>\n<\/td>\n<td class=\"td1\">\n<p class=\"last\">Ezek a s\u00fctik lehet\u0151v\u00e9 teszik webhelyeinknek, hogy eml\u00e9kezzenek arra, miket v\u00e1lasztott\u00e1l (mint p\u00e9ld\u00e1ul a felhaszn\u00e1l\u00f3n\u00e9v, nyelv, vagy a r\u00e9gi\u00f3, ahol tart\u00f3zkodsz), hogy egy szem\u00e9lyesebb online tapasztalatot ny\u00fajtsanak. Azt is lehet\u0151v\u00e9 teszik a sz\u00e1modra, hogy vide\u00f3kat n\u00e9zz, j\u00e1t\u00e9kokat j\u00e1tssz \u00e9s t\u00e1rsas\u00e1gi eszk\u00f6z\u00f6ket haszn\u00e1lj, mint p\u00e9ld\u00e1ul a blogok, chatszob\u00e1k \u00e9s f\u00f3rumok.<\/p>\n<\/td>\n<td class=\"td2\">\n<p class=\"last\">Az ilyen s\u00fctik \u00e1ltal gy\u0171jt\u00f6tt inform\u00e1ci\u00f3kban lehetnek szem\u00e9lyesen azonos\u00edt\u00f3 adatok, amelyeket megosztott\u00e1l, mint a felhaszn\u00e1l\u00f3neved vagy profilk\u00e9ped. Mindig nyilv\u00e1nval\u00f3an t\u00e1j\u00e9koztatunk arr\u00f3l, hogy milyen inform\u00e1ci\u00f3t gy\u0171jt\u00fcnk, mit csin\u00e1lunk vele \u00e9s kivel osztjuk meg azt.Ha nem fogadod el ezeket a s\u00fctiket, annak hat\u00e1sa lehet a webhely teljes\u00edtm\u00e9ny\u00e9re \u00e9s funkcionalit\u00e1s\u00e1ra \u00e9s korl\u00e1tozhatja hozz\u00e1f\u00e9r\u00e9sedet a webhely tartalm\u00e1hoz.<\/p>\n<\/td>\n<\/tr>\n<tr class=\"utolso\">\n<td class=\"td0\">\n<p class=\"last\"><b>C\u00e9lz\u00e1s vagy Rekl\u00e1m s\u00fctik (Targeting)<\/b><\/p>\n<\/td>\n<td class=\"td1\">\n<p class=\"last\">Ezeket a s\u00fctiket olyan tartalmak sz\u00e1ll\u00edt\u00e1s\u00e1ra haszn\u00e1ljuk, amelyek relev\u00e1nsabbak sz\u00e1modra \u00e9s \u00e9rdekl\u0151d\u00e9si k\u00f6r\u00f6d sz\u00e1m\u00e1ra. Ezeket arra lehet haszn\u00e1lni, hogy c\u00e9lzott hirdet\u00e9st juttassanak el hozz\u00e1d, \u00e9s hogy korl\u00e1tozz\u00e1k, hogy h\u00e1nyszor n\u00e9zel meg egy hirdet\u00e9st. Abban is seg\u00edtenek, hogy m\u00e9rj\u00fck rekl\u00e1m kamp\u00e1nyaink hat\u00e9konys\u00e1g\u00e1t a&nbsp;bcsla.hu oldalakon. Ezeket a s\u00fctiket arra haszn\u00e1lhatjuk, hogy eml\u00e9kezzenek a webhelyekre, amelyeket megl\u00e1togatt\u00e1l \u00e9s megoszthatjuk ezt az inform\u00e1ci\u00f3t m\u00e1s felekkel, ide\u00e9rtve hirdet\u0151inket \u00e9s \u00fcgyn\u00f6ks\u00e9geinket.<\/p>\n<\/td>\n<td class=\"td2\">\n<p class=\"last\">Az ilyen s\u00fctik legt\u00f6bb fajt\u00e1ja k\u00f6veti a fogyaszt\u00f3kat IP c\u00edm\u00fck\u00f6n kereszt\u00fcl ez \u00e1ltal gy\u0171jthetnek szem\u00e9lyesen azonos\u00edthat\u00f3 inform\u00e1ci\u00f3kat.<\/p>\n<\/td>\n<\/tr>\n<\/tbody>\n<\/table>\n<p style=\"text-align: justify;\"><strong>S\u00fctik kontroll\u00e1l\u00e1sa \u00e9s t\u00f6rl\u00e9se.<\/strong><\/p>\n<p style=\"text-align: justify;\">A legt\u00f6bb internet b\u00f6ng\u00e9sz\u0151 kezdetben \u00fagy ker\u00fcl be\u00e1ll\u00edt\u00e1sra, hogy elfogadja a s\u00fctiket. Megv\u00e1ltoztathatod a be\u00e1ll\u00edt\u00e1sokat, hogy blokkold a s\u00fctiket, illetve figyelmeztet\u00e9st k\u00e9rhetsz, amikor s\u00fctiket \u00e1ll\u00edtanak be az eszk\u00f6z\u00f6d\u00f6n. Sz\u00e1mos m\u00f3dja van a s\u00fctik kezel\u00e9s\u00e9nek. K\u00e9rj\u00fck, n\u00e9zd meg a b\u00f6ng\u00e9sz\u0151 inform\u00e1ci\u00f3kat vagy a seg\u00edts\u00e9g oldalt, ha t\u00f6bbet k\u00edv\u00e1nsz megtudni a b\u00f6ng\u00e9sz\u0151 be\u00e1ll\u00edt\u00e1sokr\u00f3l \u00e9s azok m\u00f3dos\u00edt\u00e1s\u00e1r\u00f3l!<br \/>\nHa kikapcsolod az \u00e1ltalunk haszn\u00e1lt s\u00fctiket, annak hat\u00e1sa lehet az \u00e9lm\u00e9nyre, am\u00edg a&nbsp;bcsla.hu oldal\u00e1n vagy.<br \/>\nHa k\u00fcl\u00f6nb\u00f6z\u0151 eszk\u00f6z\u00f6ket haszn\u00e1lsz a&nbsp;bcsla.hu webhelyek megtekint\u00e9s\u00e9re \u00e9s el\u00e9r\u00e9s\u00e9re (pl. sz\u00e1m\u00edt\u00f3g\u00e9p, okostelefon, t\u00e1blag\u00e9p, stb.) bizonyosodj meg r\u00f3la, hogy minden egyes b\u00f6ng\u00e9sz\u0151 ezeken az eszk\u00f6z\u00f6k\u00f6n a te s\u00fcti ig\u00e9nyeinek megfelel\u0151en ker\u00fclt be\u00e1ll\u00edt\u00e1sra.<\/p>\n<p style=\"text-align: justify;\"><b><br \/>\nNapl\u00f3\u00e1llom\u00e1nyok elemz\u00e9se<\/b><\/p>\n<p style=\"text-align: justify;\">A webes szolg\u00e1ltat\u00e1sok sor\u00e1n keletkez\u0151 napl\u00f3\u00e1llom\u00e1nyok (logf\u00e1jlok) elemz\u00e9se t\u00f6bb szempontb\u00f3l is hasznos inform\u00e1ci\u00f3kat ny\u00fajt a szolg\u00e1ltat\u00f3k sz\u00e1m\u00e1ra. A napl\u00f3\u00e1llom\u00e1nyokban a szolg\u00e1ltat\u00e1st v\u00e9gz\u0151 szerverek a l\u00e1togat\u00f3k \u00e1ltal k\u00fcld\u00f6tt k\u00e9r\u00e9sekr\u0151l olyan adatokat r\u00f6gz\u00edtenek, mint a k\u00e9r\u00e9st k\u00fcld\u0151 sz\u00e1m\u00edt\u00f3g\u00e9p dinamikus IP-c\u00edme, a haszn\u00e1lt b\u00f6ng\u00e9sz\u0151 t\u00edpusa, a k\u00e9r\u00e9s ideje, a k\u00e9rt oldal c\u00edme stb. Az ilyen inform\u00e1ci\u00f3k szem\u00e9lyes azonos\u00edt\u00e1s\u00e1ra nem alkalmasak. Ezeket az adatokat trendelemz\u00e9sekhez, oldalstatisztik\u00e1k k\u00e9sz\u00edt\u00e9s\u00e9hez, a szolg\u00e1ltat\u00e1sok adminisztr\u00e1l\u00e1s\u00e1hoz, a l\u00e1togat\u00f3k &#8222;mozg\u00e1s\u00e1nak&#8221; elemz\u00e9s\u00e9hez haszn\u00e1ljuk fel, melyek szolg\u00e1ltat\u00e1saink sz\u00ednvonal\u00e1nak emel\u00e9s\u00e9hez seg\u00edthetnek hozz\u00e1. Az \u00edgy nyert adatsorokat szem\u00e9lyes azonos\u00edt\u00e1sra alkalmas, m\u00e1s forr\u00e1sb\u00f3l sz\u00e1rmaz\u00f3 inform\u00e1ci\u00f3kkal nem kapcsoljuk \u00f6ssze.<\/p>\n<p style=\"text-align: justify;\"><b><br \/>\nLinkek<\/b><\/p>\n<p style=\"text-align: justify;\">A&nbsp;bcsla.hu oldalain rengeteg utal\u00e1s, ugr\u00f3pont tal\u00e1lhat\u00f3 m\u00e1s szolg\u00e1ltat\u00f3k \u00e1ltal fenntartott oldalakra. Felh\u00edvjuk l\u00e1togat\u00f3ink figyelm\u00e9t, hogy ha ilyen ugr\u00f3pontokra kattintanak, m\u00e1s szolg\u00e1ltat\u00f3k oldalaira ker\u00fclnek \u00e1t. Ilyen esetekben &#8211; ha sz\u00fcks\u00e9g\u00e9t \u00e9rzik &#8211; olvass\u00e1k el az oldalak szolg\u00e1ltat\u00f3inak nyilatkozat\u00e1t a szem\u00e9lyes adatok v\u00e9delm\u00e9vel kapcsolatban.<\/p>\n<p style=\"text-align: justify;\"><b><br \/>\nOnline k\u00e9rd\u0151\u00edves vizsg\u00e1latok<\/b><\/p>\n<p style=\"text-align: justify;\">Id\u0151r\u0151l-id\u0151re megjelentet\u00fcnk olyan k\u00e9rd\u0151\u00edveket, melyek kit\u00f6lt\u00e9se teljesen \u00f6nk\u00e9ntes. Az \u00f6nk\u00e9ntes jelleg felt\u00fcntet\u00e9s\u00e9re minden esetben sor ker\u00fcl. Az \u00f6nk\u00e9nt jelentkez\u0151 v\u00e1laszad\u00f3kt\u00f3l csak abban az esetben k\u00e9r\u00fcnk szem\u00e9lyes c\u00edmz\u00e9si adatokat (szem\u00e9lyn\u00e9v, postac\u00edm), ha a k\u00e9rd\u0151\u00edvek kit\u00f6lt\u00e9s\u00e9hez szem\u00e9lyre sz\u00f3l\u00f3 inform\u00e1ci\u00f3t kell elk\u00fclden\u00fcnk (pl. a felm\u00e9r\u00e9shez kapcsol\u00f3d\u00f3 nyerem\u00e9ny eset\u00e9n). A k\u00e9rd\u0151\u00edves felm\u00e9r\u00e9sek c\u00e9lja legt\u00f6bbsz\u00f6r az, hogy szolg\u00e1ltat\u00e1saink sz\u00ednvonal\u00e1nak jav\u00edt\u00e1s\u00e1hoz, fejleszt\u00e9s\u00e9hez megismerhess\u00fck \u00fcgyfeleink v\u00e9lem\u00e9ny\u00e9t (ez\u00e9rt k\u00e9r\u00fcnk olyan demogr\u00e1fiai adatokat is, melyek alapj\u00e1n \u00fcgyfeleink semmif\u00e9lek\u00e9ppen nem azonos\u00edthat\u00f3ak szem\u00e9lyesen).<\/p>\n","protected":false},"excerpt":{"rendered":"<p>Regisztr\u00e1ci\u00f3s oldalak, megrendel\u0151lapok A bcsla.hu szolg\u00e1ltat\u00e1sainak ig\u00e9nybev\u00e9tel\u00e9hez bizonyos esetekben sz\u00fcks\u00e9g lehet regisztr\u00e1ci\u00f3s formanyomtatv\u00e1nyok kit\u00f6lt\u00e9s\u00e9re. Az ilyen oldalakon a kapcsolatfelv\u00e9telhez sz\u00fcks\u00e9ges szem\u00e9lyes adatokat (nevet, telefonsz\u00e1mot, e-mail c\u00edmet) k\u00e9rj\u00fck el. Olykor k\u00e9r\u00fcnk egy\u00e9b adatokat is (pl. demogr\u00e1fiai inform\u00e1ci\u00f3kat), de arra mindv\u00e9gig t\u00f6reksz\u00fcnk, hogy a k\u00e9rt t\u00f6bbletinform\u00e1ci\u00f3 m\u00e9rt\u00e9ke \u00e9s m\u00e9lys\u00e9ge ar\u00e1nyban \u00e1lljon a szolg\u00e1ltat\u00e1s ig\u00e9nybev\u00e9tel\u00e9vel szerezhet\u0151 el\u0151ny\u00f6k m\u00e9rt\u00e9k\u00e9vel. [&hellip;]<\/p>\n","protected":false},"author":1,"featured_media":0,"parent":2,"menu_order":30,"comment_status":"closed","ping_status":"closed","template":"","meta":{"footnotes":""},"class_list":["post-3197","page","type-page","status-publish","hentry"],"publishpress_future_action":{"enabled":false,"date":"2026-05-11 06:36:47","action":"change-status","newStatus":"draft","terms":[],"taxonomy":"","extraData":[]},"publishpress_future_workflow_manual_trigger":{"enabledWorkflows":[]},"_links":{"self":[{"href":"https:\/\/bcsla.hu\/site\/wp-json\/wp\/v2\/pages\/3197","targetHints":{"allow":["GET"]}}],"collection":[{"href":"https:\/\/bcsla.hu\/site\/wp-json\/wp\/v2\/pages"}],"about":[{"href":"https:\/\/bcsla.hu\/site\/wp-json\/wp\/v2\/types\/page"}],"author":[{"embeddable":true,"href":"https:\/\/bcsla.hu\/site\/wp-json\/wp\/v2\/users\/1"}],"replies":[{"embeddable":true,"href":"https:\/\/bcsla.hu\/site\/wp-json\/wp\/v2\/comments?post=3197"}],"version-history":[{"count":1,"href":"https:\/\/bcsla.hu\/site\/wp-json\/wp\/v2\/pages\/3197\/revisions"}],"predecessor-version":[{"id":3198,"href":"https:\/\/bcsla.hu\/site\/wp-json\/wp\/v2\/pages\/3197\/revisions\/3198"}],"up":[{"embeddable":true,"href":"https:\/\/bcsla.hu\/site\/wp-json\/wp\/v2\/pages\/2"}],"wp:attachment":[{"href":"https:\/\/bcsla.hu\/site\/wp-json\/wp\/v2\/media?parent=3197"}],"curies":[{"name":"wp","href":"https:\/\/api.w.org\/{rel}","templated":true}]}}