{"id":4468,"date":"2019-08-29T07:25:45","date_gmt":"2019-08-29T05:25:45","guid":{"rendered":"https:\/\/bcsla.hu\/site\/?page_id=4468"},"modified":"2021-08-09T12:36:11","modified_gmt":"2021-08-09T10:36:11","slug":"edzok-munkatarsak","status":"publish","type":"page","link":"https:\/\/bcsla.hu\/site\/kapcsolat\/edzok-munkatarsak\/","title":{"rendered":"Edz\u0151k &#8211; Munkat\u00e1rsak"},"content":{"rendered":"\n<table id=\"tablepress-4\" class=\"tablepress tablepress-id-4\">\n<thead>\n<tr class=\"row-1\">\n\t<th class=\"column-1\">N\u00e9v<\/th><th class=\"column-2\">E-mail<\/th><th class=\"column-3\">Telefon<\/th><th class=\"column-4\">Szervezet<\/th><th class=\"column-5\">Kor<\/th><th class=\"column-6\">Kor<\/th><th class=\"column-7\">Beoszt\u00e1s<\/th>\n<\/tr>\n<\/thead>\n<tbody class=\"row-striping row-hover\">\n<tr class=\"row-2\">\n\t<td class=\"column-1\">Alt Barnab\u00e1s<\/td><td class=\"column-2\">altbarna@gmail.com<\/td><td class=\"column-3\">36303570750<\/td><td class=\"column-4\">BLA<\/td><td class=\"column-5\"><\/td><td class=\"column-6\"><\/td><td class=\"column-7\">Massz\u0151r<\/td>\n<\/tr>\n<tr class=\"row-3\">\n\t<td class=\"column-1\">B\u00e1lint L\u00e1szl\u00f3<\/td><td class=\"column-2\">bcsabatechvez@gmail.com<\/td><td class=\"column-3\">36309586605<\/td><td class=\"column-4\">BLA, UFC<\/td><td class=\"column-5\"><\/td><td class=\"column-6\"><\/td><td class=\"column-7\">Technikai vezet\u0151<\/td>\n<\/tr>\n<tr class=\"row-4\">\n\t<td class=\"column-1\">Belanka Csaba<\/td><td class=\"column-2\"><\/td><td class=\"column-3\"><\/td><td class=\"column-4\">BLA, UFC<\/td><td class=\"column-5\"><\/td><td class=\"column-6\"><\/td><td class=\"column-7\">Gazdas\u00e1gi vezet\u0151<\/td>\n<\/tr>\n<tr class=\"row-5\">\n\t<td class=\"column-1\">Belicza Zolt\u00e1n<\/td><td class=\"column-2\">zbelicza@gmail.com<\/td><td class=\"column-3\">36304469204<\/td><td class=\"column-4\">BLA<\/td><td class=\"column-5\">U9<\/td><td class=\"column-6\">U12<\/td><td class=\"column-7\">Vezet\u0151- \u00e9s asszisztens edz\u0151<\/td>\n<\/tr>\n<tr class=\"row-6\">\n\t<td class=\"column-1\">Bencsik \u00c9va<\/td><td class=\"column-2\">csabai.noifoci@gmail.com<\/td><td class=\"column-3\">36305064202<\/td><td class=\"column-4\">BLA<\/td><td class=\"column-5\">Le\u00e1ny<\/td><td class=\"column-6\"><\/td><td class=\"column-7\">Szekci\u00f3vezet\u0151<\/td>\n<\/tr>\n<tr class=\"row-7\">\n\t<td class=\"column-1\">Benk\u00f3n\u00e9 Dud\u00e1s Piroska<\/td><td class=\"column-2\">benkone1956@gmail.com<\/td><td class=\"column-3\">3620326 6998<\/td><td class=\"column-4\">BLA<\/td><td class=\"column-5\"><\/td><td class=\"column-6\"><\/td><td class=\"column-7\">Oktat\u00e1si vezet\u0151<\/td>\n<\/tr>\n<tr class=\"row-8\">\n\t<td class=\"column-1\">Boruzs P\u00e9ter<\/td><td class=\"column-2\"><\/td><td class=\"column-3\"><\/td><td class=\"column-4\">UFC<\/td><td class=\"column-5\"><\/td><td class=\"column-6\"><\/td><td class=\"column-7\">Szakmai vezet\u0151<\/td>\n<\/tr>\n<tr class=\"row-9\">\n\t<td class=\"column-1\">Czira G\u00e1bor<\/td><td class=\"column-2\">czirig@gmail.com<\/td><td class=\"column-3\">36304477504<\/td><td class=\"column-4\">UFC<\/td><td class=\"column-5\">U11<\/td><td class=\"column-6\"><\/td><td class=\"column-7\">Vezet\u0151edz\u0151<\/td>\n<\/tr>\n<tr class=\"row-10\">\n\t<td class=\"column-1\">Csan\u00e1losi Anada<\/td><td class=\"column-2\">csanada10@gmail.com<\/td><td class=\"column-3\">36304431733<\/td><td class=\"column-4\">BLA<\/td><td class=\"column-5\">U16<\/td><td class=\"column-6\"><\/td><td class=\"column-7\">Le\u00e1ny vezet\u0151edz\u0151<\/td>\n<\/tr>\n<tr class=\"row-11\">\n\t<td class=\"column-1\">D\u00e1vid S\u00e1ndor Zsolt<\/td><td class=\"column-2\">davidsandorzsolt79@gmail.com<br \/>\n<\/td><td class=\"column-3\">36707719192<\/td><td class=\"column-4\">BLA<\/td><td class=\"column-5\">U17<\/td><td class=\"column-6\"><\/td><td class=\"column-7\">Vezet\u0151edz\u0151<\/td>\n<\/tr>\n<tr class=\"row-12\">\n\t<td class=\"column-1\">D\u00fcrg\u0151 P\u00e9ter<\/td><td class=\"column-2\">dpeti1199@gmail.com<\/td><td class=\"column-3\">36202725257<\/td><td class=\"column-4\">BLA<\/td><td class=\"column-5\">U14 \u00e9s U15<\/td><td class=\"column-6\">ETP<\/td><td class=\"column-7\">Asszisztens edz\u0151<\/td>\n<\/tr>\n<tr class=\"row-13\">\n\t<td class=\"column-1\">Elekes Patrik<\/td><td class=\"column-2\">elekes23patrik@gmail.com<\/td><td class=\"column-3\">36307790426<\/td><td class=\"column-4\">UFC<\/td><td class=\"column-5\">U9<\/td><td class=\"column-6\"><\/td><td class=\"column-7\">Vezet\u0151edz\u0151<\/td>\n<\/tr>\n<tr class=\"row-14\">\n\t<td class=\"column-1\">Feh\u00e9r Zsolt<\/td><td class=\"column-2\">zsoltfeher85@freemail.hu<br \/>\n<\/td><td class=\"column-3\">36204175103<\/td><td class=\"column-4\">BLA<\/td><td class=\"column-5\">U17<\/td><td class=\"column-6\"><\/td><td class=\"column-7\">Asszisztens edz\u0151<\/td>\n<\/tr>\n<tr class=\"row-15\">\n\t<td class=\"column-1\">Futaki Kriszti\u00e1n<\/td><td class=\"column-2\">krisztianfutaki@gmail.com<\/td><td class=\"column-3\">36304384387<\/td><td class=\"column-4\">BLA<\/td><td class=\"column-5\">U10<\/td><td class=\"column-6\">U11<\/td><td class=\"column-7\">Vezet\u0151- \u00e9s asszisztens edz\u0151<\/td>\n<\/tr>\n<tr class=\"row-16\">\n\t<td class=\"column-1\">Gera Imre<\/td><td class=\"column-2\">imre55gera@gmail.com<\/td><td class=\"column-3\">3670322 5488<\/td><td class=\"column-4\">BLA<\/td><td class=\"column-5\"><\/td><td class=\"column-6\"><\/td><td class=\"column-7\">Logisztikai felel\u0151s<\/td>\n<\/tr>\n<tr class=\"row-17\">\n\t<td class=\"column-1\">Gyimesi Andr\u00e1s<\/td><td class=\"column-2\"><\/td><td class=\"column-3\"><\/td><td class=\"column-4\">UFC<\/td><td class=\"column-5\">U14<\/td><td class=\"column-6\"><\/td><td class=\"column-7\">Vezet\u0151edz\u0151<\/td>\n<\/tr>\n<tr class=\"row-18\">\n\t<td class=\"column-1\">Gyuris Zolt\u00e1n<\/td><td class=\"column-2\">z.gyuris@gmail.com<\/td><td class=\"column-3\">36305512341<\/td><td class=\"column-4\">UFC<\/td><td class=\"column-5\"><\/td><td class=\"column-6\"><\/td><td class=\"column-7\">Operat\u00edv vezet\u0151<\/td>\n<\/tr>\n<tr class=\"row-19\">\n\t<td class=\"column-1\">Hanyecz J\u00e1nos<\/td><td class=\"column-2\">hanyecz.janos@freemail.hu<\/td><td class=\"column-3\">36203752002<\/td><td class=\"column-4\">BLA<\/td><td class=\"column-5\"><\/td><td class=\"column-6\"><\/td><td class=\"column-7\">Kapusedz\u0151, l\u00e9tes\u00edtm\u00e9nyvezet\u0151<\/td>\n<\/tr>\n<tr class=\"row-20\">\n\t<td class=\"column-1\">Harman J\u00f3zsef<\/td><td class=\"column-2\">gergo150410@gmail.com<\/td><td class=\"column-3\">36303771863<\/td><td class=\"column-4\">BLA<\/td><td class=\"column-5\"><\/td><td class=\"column-6\"><\/td><td class=\"column-7\">Kapusedz\u0151<\/td>\n<\/tr>\n<tr class=\"row-21\">\n\t<td class=\"column-1\">Horv\u00e1th Tam\u00e1s<\/td><td class=\"column-2\">horitjuve@gmail.com<\/td><td class=\"column-3\">36204170524<\/td><td class=\"column-4\">BLA<\/td><td class=\"column-5\">U7-U10<\/td><td class=\"column-6\"><\/td><td class=\"column-7\">Szekci\u00f3vezet\u0151<\/td>\n<\/tr>\n<tr class=\"row-22\">\n\t<td class=\"column-1\">Hrabovszki \u00c1kos<\/td><td class=\"column-2\">hraboakos@gmail.com<\/td><td class=\"column-3\">36203568555<\/td><td class=\"column-4\">BLA, UFC<\/td><td class=\"column-5\">U6-U8<\/td><td class=\"column-6\">U9 \u00e9s U12<\/td><td class=\"column-7\">Vezet\u0151- \u00e9s asszisztens edz\u0151<\/td>\n<\/tr>\n<tr class=\"row-23\">\n\t<td class=\"column-1\">Hrabovszki G\u00e1bor<\/td><td class=\"column-2\">hrabovszkigabor18@gmail.com<\/td><td class=\"column-3\">36309600252<\/td><td class=\"column-4\">BLA<\/td><td class=\"column-5\">U11-U14<\/td><td class=\"column-6\"><\/td><td class=\"column-7\">Szekci\u00f3vezet\u0151<\/td>\n<\/tr>\n<tr class=\"row-24\">\n\t<td class=\"column-1\">Jakab P\u00e9ter<\/td><td class=\"column-2\">pjakab1@gmail.com<\/td><td class=\"column-3\">36709312619<\/td><td class=\"column-4\">BLA, UFC<\/td><td class=\"column-5\">U16<\/td><td class=\"column-6\"><\/td><td class=\"column-7\">Szakmai vezet\u0151 \u00e9s vezet\u0151edz\u0151<\/td>\n<\/tr>\n<tr class=\"row-25\">\n\t<td class=\"column-1\">Kerepeczky Zsolt<\/td><td class=\"column-2\">kzs830116@gmail.com<\/td><td class=\"column-3\">36202870809<\/td><td class=\"column-4\">UFC<\/td><td class=\"column-5\">U12<\/td><td class=\"column-6\"><\/td><td class=\"column-7\">Vezet\u0151edz\u0151<\/td>\n<\/tr>\n<tr class=\"row-26\">\n\t<td class=\"column-1\">Kesj\u00e1r Ruben<\/td><td class=\"column-2\">centerhalf@gmail.com<\/td><td class=\"column-3\">36208862771<\/td><td class=\"column-4\">BLA<\/td><td class=\"column-5\">U19 (Le\u00e1ny)<\/td><td class=\"column-6\"><\/td><td class=\"column-7\">Vezet\u0151edz\u0151<\/td>\n<\/tr>\n<tr class=\"row-27\">\n\t<td class=\"column-1\">Knyih\u00e1r J\u00e1nos<\/td><td class=\"column-2\">kolorprintkft@gmail.com<\/td><td class=\"column-3\">36302789637<\/td><td class=\"column-4\">BLA<\/td><td class=\"column-5\"><\/td><td class=\"column-6\"><\/td><td class=\"column-7\">Fizioterapeuta<\/td>\n<\/tr>\n<tr class=\"row-28\">\n\t<td class=\"column-1\">Kov\u00e1cs Tibor<\/td><td class=\"column-2\">kovibcsaba@gmail.com<\/td><td class=\"column-3\">36709312629<\/td><td class=\"column-4\">UFC<\/td><td class=\"column-5\">U10<\/td><td class=\"column-6\"><\/td><td class=\"column-7\">Vezet\u0151edz\u0151, p\u00e1lyagondnok<\/td>\n<\/tr>\n<tr class=\"row-29\">\n\t<td class=\"column-1\">L\u00e1szik Mil\u00e1n<\/td><td class=\"column-2\">laszikm@gmail.com<\/td><td class=\"column-3\">36302748122<\/td><td class=\"column-4\">BLA<\/td><td class=\"column-5\">U13<\/td><td class=\"column-6\">U14<\/td><td class=\"column-7\">Vezet\u0151- \u00e9s asszisztens edz\u0151<\/td>\n<\/tr>\n<tr class=\"row-30\">\n\t<td class=\"column-1\">Liker J\u00e1nos<\/td><td class=\"column-2\">janos.liker93@gmail.com<\/td><td class=\"column-3\">36304842966<\/td><td class=\"column-4\">BLA, UFC<\/td><td class=\"column-5\">U8<\/td><td class=\"column-6\"><\/td><td class=\"column-7\">Vezet\u0151- \u00e9s asszisztens edz\u0151<\/td>\n<\/tr>\n<tr class=\"row-31\">\n\t<td class=\"column-1\">L\u0151rinci Attila<\/td><td class=\"column-2\">attila.lorinci@gmail.com<\/td><td class=\"column-3\">36703374962<\/td><td class=\"column-4\">UFC<\/td><td class=\"column-5\">U19<\/td><td class=\"column-6\"><\/td><td class=\"column-7\">Vezet\u0151edz\u0151<\/td>\n<\/tr>\n<tr class=\"row-32\">\n\t<td class=\"column-1\">Luk\u00e1cs L\u00e1szl\u00f3<\/td><td class=\"column-2\">lukacs.laci1234@gmail.com<\/td><td class=\"column-3\">36706141653<\/td><td class=\"column-4\">BLA, UFC<\/td><td class=\"column-5\">U8<\/td><td class=\"column-6\">U13<\/td><td class=\"column-7\">Vezet\u0151- \u00e9s asszisztens edz\u0151<\/td>\n<\/tr>\n<tr class=\"row-33\">\n\t<td class=\"column-1\">Makai Attila<\/td><td class=\"column-2\">makai19670927@gmail.com<\/td><td class=\"column-3\"><\/td><td class=\"column-4\">BLA<\/td><td class=\"column-5\"><\/td><td class=\"column-6\"><\/td><td class=\"column-7\">Massz\u0151r<\/td>\n<\/tr>\n<tr class=\"row-34\">\n\t<td class=\"column-1\">Marik L\u00e1szl\u00f3<\/td><td class=\"column-2\">mariklaci@hotmail.com<\/td><td class=\"column-3\">36302795593<\/td><td class=\"column-4\">BLA<\/td><td class=\"column-5\">U19<\/td><td class=\"column-6\">NB3<\/td><td class=\"column-7\">Vezet\u0151- \u00e9s asszisztens edz\u0151<\/td>\n<\/tr>\n<tr class=\"row-35\">\n\t<td class=\"column-1\">Mazula Zolt\u00e1n<\/td><td class=\"column-2\">zinnyo1003@gmail.com<\/td><td class=\"column-3\">36703899956<\/td><td class=\"column-4\">BLA<\/td><td class=\"column-5\">U9-U13 (Le\u00e1ny)<\/td><td class=\"column-6\"><\/td><td class=\"column-7\">Toborz\u00f3 edz\u0151<\/td>\n<\/tr>\n<tr class=\"row-36\">\n\t<td class=\"column-1\">Mezei Tam\u00e1s<\/td><td class=\"column-2\">mezei.spinning.tamas@gmail.com<\/td><td class=\"column-3\">36202318838<\/td><td class=\"column-4\">BLA<\/td><td class=\"column-5\"><\/td><td class=\"column-6\"><\/td><td class=\"column-7\">Er\u0151nl\u00e9ti edz\u0151<\/td>\n<\/tr>\n<tr class=\"row-37\">\n\t<td class=\"column-1\">Ol\u00e1h Ferenc<\/td><td class=\"column-2\">cnerefhalo@gmail.com<\/td><td class=\"column-3\">36303277214<\/td><td class=\"column-4\">BLA<\/td><td class=\"column-5\">U16<\/td><td class=\"column-6\"><\/td><td class=\"column-7\">Asszisztens edz\u0151<\/td>\n<\/tr>\n<tr class=\"row-38\">\n\t<td class=\"column-1\">Pangert L\u00e1szl\u00f3<\/td><td class=\"column-2\">pangert.laszlo66@gmail.com<\/td><td class=\"column-3\">36706157958<\/td><td class=\"column-4\">BLA<\/td><td class=\"column-5\"><\/td><td class=\"column-6\"><\/td><td class=\"column-7\">Koll\u00e9giumi nevel\u0151tan\u00e1r<\/td>\n<\/tr>\n<tr class=\"row-39\">\n\t<td class=\"column-1\">Rot\u00e1r P\u00e9ter<\/td><td class=\"column-2\"><\/td><td class=\"column-3\"><\/td><td class=\"column-4\">UFC<\/td><td class=\"column-5\">U15<\/td><td class=\"column-6\"><\/td><td class=\"column-7\">Vezet\u0151edz\u0151<\/td>\n<\/tr>\n<tr class=\"row-40\">\n\t<td class=\"column-1\">Seb\u0151k M\u00e1rta<\/td><td class=\"column-2\">msebok72@gmail.com<\/td><td class=\"column-3\">36309292060<\/td><td class=\"column-4\">BLA<\/td><td class=\"column-5\"><\/td><td class=\"column-6\"><\/td><td class=\"column-7\">Sportpszichol\u00f3gus<\/td>\n<\/tr>\n<tr class=\"row-41\">\n\t<td class=\"column-1\">Simon Gy\u00f6rgy<\/td><td class=\"column-2\">gyorgy.simon.hun@gmail.com<\/td><td class=\"column-3\">36703855146<\/td><td class=\"column-4\">BLA<\/td><td class=\"column-5\"><\/td><td class=\"column-6\"><\/td><td class=\"column-7\">Er\u0151nl\u00e9ti edz\u0151<\/td>\n<\/tr>\n<tr class=\"row-42\">\n\t<td class=\"column-1\">Sipos Kl\u00e1ra<\/td><td class=\"column-2\">sipos.klara@gmail.com<\/td><td class=\"column-3\">36304899049<\/td><td class=\"column-4\">BLA<\/td><td class=\"column-5\"><\/td><td class=\"column-6\"><\/td><td class=\"column-7\">Massz\u0151r<\/td>\n<\/tr>\n<tr class=\"row-43\">\n\t<td class=\"column-1\">Stumpf G\u00e1bor<\/td><td class=\"column-2\">s.gabor0101@gmail.com<\/td><td class=\"column-3\">36305063399<\/td><td class=\"column-4\">UFC<\/td><td class=\"column-5\"><\/td><td class=\"column-6\"><\/td><td class=\"column-7\">Kapusedz\u0151<\/td>\n<\/tr>\n<tr class=\"row-44\">\n\t<td class=\"column-1\">Szarvas Andr\u00e1s<\/td><td class=\"column-2\">szarvasa66@freemail.hu<\/td><td class=\"column-3\">36302602993<\/td><td class=\"column-4\">UFC<\/td><td class=\"column-5\">U17<\/td><td class=\"column-6\"><\/td><td class=\"column-7\">Vezet\u0151edz\u0151<\/td>\n<\/tr>\n<tr class=\"row-45\">\n\t<td class=\"column-1\">Szekeres Lajos<\/td><td class=\"column-2\">szekerlajos73@gmail.com<\/td><td class=\"column-3\">36703131479<\/td><td class=\"column-4\">BLA, UFC<\/td><td class=\"column-5\"><\/td><td class=\"column-6\"><\/td><td class=\"column-7\">Grassroots koordin\u00e1tor<\/td>\n<\/tr>\n<tr class=\"row-46\">\n\t<td class=\"column-1\">Szenti Zolt\u00e1n<\/td><td class=\"column-2\">szenti.kati@t-online.hu<\/td><td class=\"column-3\">36309078072<\/td><td class=\"column-4\">BLA<\/td><td class=\"column-5\">ETP<\/td><td class=\"column-6\"><\/td><td class=\"column-7\">Edz\u0151<\/td>\n<\/tr>\n<tr class=\"row-47\">\n\t<td class=\"column-1\">Szever\u00e9nyi P\u00e9ter<\/td><td class=\"column-2\">pszeverenyi@gmail.com<br \/>\n<\/td><td class=\"column-3\">36306465486<\/td><td class=\"column-4\">BLA<\/td><td class=\"column-5\">U6-U8<\/td><td class=\"column-6\">U15<\/td><td class=\"column-7\">Vezet\u0151- \u00e9s asszisztens edz\u0151<\/td>\n<\/tr>\n<tr class=\"row-48\">\n\t<td class=\"column-1\">Sz\u00e9l Csaba<\/td><td class=\"column-2\">oscarwind@gmail.com<\/td><td class=\"column-3\">36202036388<\/td><td class=\"column-4\">UFC<\/td><td class=\"column-5\">U13<\/td><td class=\"column-6\"><\/td><td class=\"column-7\">Vezet\u0151edz\u0151<\/td>\n<\/tr>\n<tr class=\"row-49\">\n\t<td class=\"column-1\">Szokolay S\u00e1ndor<\/td><td class=\"column-2\">bcsufc@gmail.com<\/td><td class=\"column-3\">36204972442 <\/td><td class=\"column-4\">BLA, UFC<\/td><td class=\"column-5\"><\/td><td class=\"column-6\"><\/td><td class=\"column-7\">Operat\u00edv vezet\u0151<\/td>\n<\/tr>\n<tr class=\"row-50\">\n\t<td class=\"column-1\">T\u00f3th J\u00e1nos dr.<\/td><td class=\"column-2\"><\/td><td class=\"column-3\">36209382634<\/td><td class=\"column-4\">BLA<\/td><td class=\"column-5\"><\/td><td class=\"column-6\"><\/td><td class=\"column-7\">Orvos<\/td>\n<\/tr>\n<tr class=\"row-51\">\n\t<td class=\"column-1\">T\u00f3th Krist\u00f3f<\/td><td class=\"column-2\">kristof.toth97@gmail.com<\/td><td class=\"column-3\">36302092932<\/td><td class=\"column-4\">BLA<\/td><td class=\"column-5\"><\/td><td class=\"column-6\"><\/td><td class=\"column-7\">Rehabilit\u00e1ci\u00f3s edz\u0151<\/td>\n<\/tr>\n<tr class=\"row-52\">\n\t<td class=\"column-1\">Vass L\u00f3r\u00e1nt<\/td><td class=\"column-2\"><\/td><td class=\"column-3\"><\/td><td class=\"column-4\">BLA<\/td><td class=\"column-5\">U10<\/td><td class=\"column-6\">U11<\/td><td class=\"column-7\">Vezet\u0151- \u00e9s asszisztens edz\u0151<\/td>\n<\/tr>\n<\/tbody>\n<\/table>\n<!-- #tablepress-4 from cache -->\n","protected":false},"excerpt":{"rendered":"","protected":false},"author":1,"featured_media":0,"parent":2,"menu_order":32,"comment_status":"closed","ping_status":"closed","template":"","meta":{"footnotes":""},"class_list":["post-4468","page","type-page","status-publish","hentry"],"publishpress_future_action":{"enabled":false,"date":"2026-05-13 16:37:25","action":"change-status","newStatus":"draft","terms":[],"taxonomy":"","extraData":[]},"publishpress_future_workflow_manual_trigger":{"enabledWorkflows":[]},"_links":{"self":[{"href":"https:\/\/bcsla.hu\/site\/wp-json\/wp\/v2\/pages\/4468","targetHints":{"allow":["GET"]}}],"collection":[{"href":"https:\/\/bcsla.hu\/site\/wp-json\/wp\/v2\/pages"}],"about":[{"href":"https:\/\/bcsla.hu\/site\/wp-json\/wp\/v2\/types\/page"}],"author":[{"embeddable":true,"href":"https:\/\/bcsla.hu\/site\/wp-json\/wp\/v2\/users\/1"}],"replies":[{"embeddable":true,"href":"https:\/\/bcsla.hu\/site\/wp-json\/wp\/v2\/comments?post=4468"}],"version-history":[{"count":2,"href":"https:\/\/bcsla.hu\/site\/wp-json\/wp\/v2\/pages\/4468\/revisions"}],"predecessor-version":[{"id":8349,"href":"https:\/\/bcsla.hu\/site\/wp-json\/wp\/v2\/pages\/4468\/revisions\/8349"}],"up":[{"embeddable":true,"href":"https:\/\/bcsla.hu\/site\/wp-json\/wp\/v2\/pages\/2"}],"wp:attachment":[{"href":"https:\/\/bcsla.hu\/site\/wp-json\/wp\/v2\/media?parent=4468"}],"curies":[{"name":"wp","href":"https:\/\/api.w.org\/{rel}","templated":true}]}}