{"id":4827,"date":"2019-10-11T08:29:50","date_gmt":"2019-10-11T06:29:50","guid":{"rendered":"https:\/\/bcsla.hu\/site\/?page_id=4827"},"modified":"2025-11-12T02:05:13","modified_gmt":"2025-11-12T01:05:13","slug":"bekescsaba-labdarugo-akademia-u14","status":"publish","type":"page","link":"https:\/\/bcsla.hu\/site\/csapatok\/bekescsaba-labdarugo-akademia-u14\/","title":{"rendered":"B\u00e9k\u00e9scsaba Labdar\u00fag\u00f3 Akad\u00e9mia &#8211; U14"},"content":{"rendered":"\t\t<div data-elementor-type=\"wp-page\" data-elementor-id=\"4827\" class=\"elementor elementor-4827\">\n\t\t\t\t<div class=\"elementor-element elementor-element-682ec3c1 e-flex e-con-boxed e-con e-parent\" data-id=\"682ec3c1\" data-element_type=\"container\" data-e-type=\"container\">\n\t\t\t\t\t<div class=\"e-con-inner\">\n\t\t\t\t<div class=\"elementor-element elementor-element-8518cfd elementor-widget elementor-widget-image\" data-id=\"8518cfd\" data-element_type=\"widget\" data-e-type=\"widget\" data-widget_type=\"image.default\">\n\t\t\t\t\t\t\t\t\t\t\t\t\t\t\t<img fetchpriority=\"high\" decoding=\"async\" width=\"1024\" height=\"683\" src=\"https:\/\/bcsla.hu\/site\/wp-content\/uploads\/2025\/11\/BLA_U14_2025_2026-1024x683.jpg\" class=\"attachment-large size-large wp-image-14224\" alt=\"\" srcset=\"https:\/\/bcsla.hu\/site\/wp-content\/uploads\/2025\/11\/BLA_U14_2025_2026-1024x683.jpg 1024w, https:\/\/bcsla.hu\/site\/wp-content\/uploads\/2025\/11\/BLA_U14_2025_2026-300x200.jpg 300w, https:\/\/bcsla.hu\/site\/wp-content\/uploads\/2025\/11\/BLA_U14_2025_2026-768x512.jpg 768w, https:\/\/bcsla.hu\/site\/wp-content\/uploads\/2025\/11\/BLA_U14_2025_2026-1536x1024.jpg 1536w, https:\/\/bcsla.hu\/site\/wp-content\/uploads\/2025\/11\/BLA_U14_2025_2026-100x67.jpg 100w, https:\/\/bcsla.hu\/site\/wp-content\/uploads\/2025\/11\/BLA_U14_2025_2026-50x33.jpg 50w, https:\/\/bcsla.hu\/site\/wp-content\/uploads\/2025\/11\/BLA_U14_2025_2026-25x17.jpg 25w, https:\/\/bcsla.hu\/site\/wp-content\/uploads\/2025\/11\/BLA_U14_2025_2026-90x60.jpg 90w, https:\/\/bcsla.hu\/site\/wp-content\/uploads\/2025\/11\/BLA_U14_2025_2026-250x167.jpg 250w, https:\/\/bcsla.hu\/site\/wp-content\/uploads\/2025\/11\/BLA_U14_2025_2026-225x150.jpg 225w, https:\/\/bcsla.hu\/site\/wp-content\/uploads\/2025\/11\/BLA_U14_2025_2026.jpg 2048w\" sizes=\"(max-width: 1024px) 100vw, 1024px\" \/>\t\t\t\t\t\t\t\t\t\t\t\t\t\t\t<\/div>\n\t\t\t\t<div class=\"elementor-element elementor-element-d7e600c elementor-widget elementor-widget-tablepress-table\" data-id=\"d7e600c\" data-element_type=\"widget\" data-e-type=\"widget\" data-widget_type=\"tablepress-table.default\">\n\t\t\t\t\t\n<table id=\"tablepress-26\" class=\"tablepress tablepress-id-26\">\n<thead>\n<tr class=\"row-1\">\n\t<th colspan=\"2\" class=\"column-1\">A csapat tagjai a 2025\/26-os szezonban<\/th>\n<\/tr>\n<\/thead>\n<tbody class=\"row-striping row-hover\">\n<tr class=\"row-2\">\n\t<td class=\"column-1\">Belanka<\/td><td class=\"column-2\">Botond<\/td>\n<\/tr>\n<tr class=\"row-3\">\n\t<td class=\"column-1\">B\u00e9res<\/td><td class=\"column-2\">Bence<\/td>\n<\/tr>\n<tr class=\"row-4\">\n\t<td class=\"column-1\">Bucsek<\/td><td class=\"column-2\">P\u00e9ter<\/td>\n<\/tr>\n<tr class=\"row-5\">\n\t<td class=\"column-1\">Farkas<\/td><td class=\"column-2\">Andor \u00c1rmin<\/td>\n<\/tr>\n<tr class=\"row-6\">\n\t<td class=\"column-1\">Kar\u00e1csonyi<\/td><td class=\"column-2\">Vencel<\/td>\n<\/tr>\n<tr class=\"row-7\">\n\t<td class=\"column-1\">K\u00f3kai<\/td><td class=\"column-2\">No\u00e9<\/td>\n<\/tr>\n<tr class=\"row-8\">\n\t<td class=\"column-1\">Koncz<\/td><td class=\"column-2\">Levente<\/td>\n<\/tr>\n<tr class=\"row-9\">\n\t<td class=\"column-1\">Ligeti<\/td><td class=\"column-2\">Mil\u00e1n M\u00e1ty\u00e1s<\/td>\n<\/tr>\n<tr class=\"row-10\">\n\t<td class=\"column-1\">Madura<\/td><td class=\"column-2\">Patrik<\/td>\n<\/tr>\n<tr class=\"row-11\">\n\t<td class=\"column-1\">Madutai<\/td><td class=\"column-2\">Mil\u00e1n<\/td>\n<\/tr>\n<tr class=\"row-12\">\n\t<td class=\"column-1\">Reset\u00e1r<\/td><td class=\"column-2\">Szil\u00e1rd<\/td>\n<\/tr>\n<tr class=\"row-13\">\n\t<td class=\"column-1\">Ruzsa<\/td><td class=\"column-2\">Bal\u00e1zs<\/td>\n<\/tr>\n<tr class=\"row-14\">\n\t<td class=\"column-1\">Sinka<\/td><td class=\"column-2\">Zolt\u00e1n \u00c1d\u00e1m<\/td>\n<\/tr>\n<tr class=\"row-15\">\n\t<td class=\"column-1\">Somi<\/td><td class=\"column-2\">Zal\u00e1n Levente<\/td>\n<\/tr>\n<tr class=\"row-16\">\n\t<td class=\"column-1\">Szomor<\/td><td class=\"column-2\">Sebesty\u00e9n<\/td>\n<\/tr>\n<tr class=\"row-17\">\n\t<td class=\"column-1\">Tim\u00e1r<\/td><td class=\"column-2\">Tibor<\/td>\n<\/tr>\n<tr class=\"row-18\">\n\t<td class=\"column-1\">Tripon<\/td><td class=\"column-2\">D\u00e1vid<\/td>\n<\/tr>\n<tr class=\"row-19\">\n\t<td class=\"column-1\">Udvarnoki<\/td><td class=\"column-2\">Noel<\/td>\n<\/tr>\n<tr class=\"row-20\">\n\t<td class=\"column-1\">Val\u00e1nszki<\/td><td class=\"column-2\">Bal\u00e1zs<\/td>\n<\/tr>\n<tr class=\"row-21\">\n\t<td class=\"column-1\">Varga<\/td><td class=\"column-2\">Zsombor<\/td>\n<\/tr>\n<tr class=\"row-22\">\n\t<td class=\"column-1\">Z\u00e1mbori<\/td><td class=\"column-2\">Szabolcs<\/td>\n<\/tr>\n<\/tbody>\n<\/table>\n<!-- #tablepress-26 from cache -->\t\t\t\t<\/div>\n\t\t\t\t\t<\/div>\n\t\t\t\t<\/div>\n\t\t\t\t<\/div>\n\t\t","protected":false},"excerpt":{"rendered":"<p>Szerkeszt\u00e9s A csapat tagjai a 2025\/26-os szezonban Belanka Botond B\u00e9res Bence Bucsek P\u00e9ter Farkas Andor \u00c1rmin Kar\u00e1csonyi Vencel K\u00f3kai No\u00e9 Koncz Levente Ligeti Mil\u00e1n M\u00e1ty\u00e1s Madura Patrik Madutai Mil\u00e1n Reset\u00e1r Szil\u00e1rd Ruzsa Bal\u00e1zs Sinka Zolt\u00e1n \u00c1d\u00e1m Somi Zal\u00e1n Levente Szomor Sebesty\u00e9n Tim\u00e1r Tibor Tripon D\u00e1vid Udvarnoki Noel Val\u00e1nszki Bal\u00e1zs Varga Zsombor Z\u00e1mbori Szabolcs<\/p>\n","protected":false},"author":1,"featured_media":0,"parent":103,"menu_order":19,"comment_status":"closed","ping_status":"closed","template":"","meta":{"footnotes":""},"class_list":["post-4827","page","type-page","status-publish","hentry"],"publishpress_future_action":{"enabled":false,"date":"2026-05-11 06:35:46","action":"change-status","newStatus":"draft","terms":[],"taxonomy":"","extraData":[]},"publishpress_future_workflow_manual_trigger":{"enabledWorkflows":[]},"_links":{"self":[{"href":"https:\/\/bcsla.hu\/site\/wp-json\/wp\/v2\/pages\/4827","targetHints":{"allow":["GET"]}}],"collection":[{"href":"https:\/\/bcsla.hu\/site\/wp-json\/wp\/v2\/pages"}],"about":[{"href":"https:\/\/bcsla.hu\/site\/wp-json\/wp\/v2\/types\/page"}],"author":[{"embeddable":true,"href":"https:\/\/bcsla.hu\/site\/wp-json\/wp\/v2\/users\/1"}],"replies":[{"embeddable":true,"href":"https:\/\/bcsla.hu\/site\/wp-json\/wp\/v2\/comments?post=4827"}],"version-history":[{"count":5,"href":"https:\/\/bcsla.hu\/site\/wp-json\/wp\/v2\/pages\/4827\/revisions"}],"predecessor-version":[{"id":14297,"href":"https:\/\/bcsla.hu\/site\/wp-json\/wp\/v2\/pages\/4827\/revisions\/14297"}],"up":[{"embeddable":true,"href":"https:\/\/bcsla.hu\/site\/wp-json\/wp\/v2\/pages\/103"}],"wp:attachment":[{"href":"https:\/\/bcsla.hu\/site\/wp-json\/wp\/v2\/media?parent=4827"}],"curies":[{"name":"wp","href":"https:\/\/api.w.org\/{rel}","templated":true}]}}