{"id":4833,"date":"2019-10-11T08:32:11","date_gmt":"2019-10-11T06:32:11","guid":{"rendered":"https:\/\/bcsla.hu\/site\/?page_id=4833"},"modified":"2025-11-12T01:57:02","modified_gmt":"2025-11-12T00:57:02","slug":"bekescsaba-labdarugo-akademia-u15","status":"publish","type":"page","link":"https:\/\/bcsla.hu\/site\/csapatok\/bekescsaba-labdarugo-akademia-u15\/","title":{"rendered":"B\u00e9k\u00e9scsaba Labdar\u00fag\u00f3 Akad\u00e9mia &#8211; U15"},"content":{"rendered":"\t\t<div data-elementor-type=\"wp-page\" data-elementor-id=\"4833\" class=\"elementor elementor-4833\">\n\t\t\t\t<div class=\"elementor-element elementor-element-6c0ebd1f e-flex e-con-boxed e-con e-parent\" data-id=\"6c0ebd1f\" data-element_type=\"container\" data-e-type=\"container\">\n\t\t\t\t\t<div class=\"e-con-inner\">\n\t\t\t\t<div class=\"elementor-element elementor-element-74a42fd elementor-widget elementor-widget-image\" data-id=\"74a42fd\" data-element_type=\"widget\" data-e-type=\"widget\" data-widget_type=\"image.default\">\n\t\t\t\t\t\t\t\t\t\t\t\t\t\t\t<img fetchpriority=\"high\" decoding=\"async\" width=\"1024\" height=\"683\" src=\"https:\/\/bcsla.hu\/site\/wp-content\/uploads\/2025\/11\/BLA_U15_2025_2026-1024x683.jpg\" class=\"attachment-large size-large wp-image-14225\" alt=\"\" srcset=\"https:\/\/bcsla.hu\/site\/wp-content\/uploads\/2025\/11\/BLA_U15_2025_2026-1024x683.jpg 1024w, https:\/\/bcsla.hu\/site\/wp-content\/uploads\/2025\/11\/BLA_U15_2025_2026-300x200.jpg 300w, https:\/\/bcsla.hu\/site\/wp-content\/uploads\/2025\/11\/BLA_U15_2025_2026-768x512.jpg 768w, https:\/\/bcsla.hu\/site\/wp-content\/uploads\/2025\/11\/BLA_U15_2025_2026-1536x1024.jpg 1536w, https:\/\/bcsla.hu\/site\/wp-content\/uploads\/2025\/11\/BLA_U15_2025_2026-100x67.jpg 100w, https:\/\/bcsla.hu\/site\/wp-content\/uploads\/2025\/11\/BLA_U15_2025_2026-50x33.jpg 50w, https:\/\/bcsla.hu\/site\/wp-content\/uploads\/2025\/11\/BLA_U15_2025_2026-25x17.jpg 25w, https:\/\/bcsla.hu\/site\/wp-content\/uploads\/2025\/11\/BLA_U15_2025_2026-90x60.jpg 90w, https:\/\/bcsla.hu\/site\/wp-content\/uploads\/2025\/11\/BLA_U15_2025_2026-250x167.jpg 250w, https:\/\/bcsla.hu\/site\/wp-content\/uploads\/2025\/11\/BLA_U15_2025_2026-225x150.jpg 225w, https:\/\/bcsla.hu\/site\/wp-content\/uploads\/2025\/11\/BLA_U15_2025_2026.jpg 2048w\" sizes=\"(max-width: 1024px) 100vw, 1024px\" \/>\t\t\t\t\t\t\t\t\t\t\t\t\t\t\t<\/div>\n\t\t\t\t<div class=\"elementor-element elementor-element-140ade9 elementor-widget elementor-widget-tablepress-table\" data-id=\"140ade9\" data-element_type=\"widget\" data-e-type=\"widget\" data-widget_type=\"tablepress-table.default\">\n\t\t\t\t\t\n<table id=\"tablepress-25\" class=\"tablepress tablepress-id-25\">\n<thead>\n<tr class=\"row-1\">\n\t<th colspan=\"2\" class=\"column-1\">A csapat tagjai a 2025\/26-os szezonban<\/th>\n<\/tr>\n<\/thead>\n<tbody class=\"row-striping row-hover\">\n<tr class=\"row-2\">\n\t<td class=\"column-1\">Balogh<\/td><td class=\"column-2\">Szebaszti\u00e1n<\/td>\n<\/tr>\n<tr class=\"row-3\">\n\t<td class=\"column-1\">B\u00e1nyai<\/td><td class=\"column-2\">Mih\u00e1ly<\/td>\n<\/tr>\n<tr class=\"row-4\">\n\t<td class=\"column-1\">B\u00e9res<\/td><td class=\"column-2\">Zolt\u00e1n<\/td>\n<\/tr>\n<tr class=\"row-5\">\n\t<td class=\"column-1\">Bir\u00f3<\/td><td class=\"column-2\">Kende<\/td>\n<\/tr>\n<tr class=\"row-6\">\n\t<td class=\"column-1\">Borz\u00e1k<\/td><td class=\"column-2\">Botond<\/td>\n<\/tr>\n<tr class=\"row-7\">\n\t<td class=\"column-1\">Csernyeczki<\/td><td class=\"column-2\">Bal\u00e1zs Benett<\/td>\n<\/tr>\n<tr class=\"row-8\">\n\t<td class=\"column-1\">De\u00e1k<\/td><td class=\"column-2\">Bence Hunor<\/td>\n<\/tr>\n<tr class=\"row-9\">\n\t<td class=\"column-1\">Dorcsinyecz<\/td><td class=\"column-2\">J\u00f3zsef<\/td>\n<\/tr>\n<tr class=\"row-10\">\n\t<td class=\"column-1\">Hoffmann<\/td><td class=\"column-2\">J\u00f3zsef<\/td>\n<\/tr>\n<tr class=\"row-11\">\n\t<td class=\"column-1\">Krista-Par\u00e1szka<\/td><td class=\"column-2\">Z\u00e9t\u00e9ny<\/td>\n<\/tr>\n<tr class=\"row-12\">\n\t<td class=\"column-1\">M\u00e9sz\u00e1ros<\/td><td class=\"column-2\">\u00c1bel \u00c1kos<\/td>\n<\/tr>\n<tr class=\"row-13\">\n\t<td class=\"column-1\">Nagy<\/td><td class=\"column-2\">\u00c1rmin<\/td>\n<\/tr>\n<tr class=\"row-14\">\n\t<td class=\"column-1\">Papp-Zsolnai<\/td><td class=\"column-2\">Zal\u00e1n<\/td>\n<\/tr>\n<tr class=\"row-15\">\n\t<td class=\"column-1\">Petruzs\u00e1n<\/td><td class=\"column-2\">Zsombor Csoma<\/td>\n<\/tr>\n<tr class=\"row-16\">\n\t<td class=\"column-1\">Somlyai<\/td><td class=\"column-2\">D\u00e1vid<\/td>\n<\/tr>\n<tr class=\"row-17\">\n\t<td class=\"column-1\">Uhljar<\/td><td class=\"column-2\">Zsombor<\/td>\n<\/tr>\n<tr class=\"row-18\">\n\t<td class=\"column-1\">Varga<\/td><td class=\"column-2\">S\u00e1ndor<\/td>\n<\/tr>\n<tr class=\"row-19\">\n\t<td class=\"column-1\">Vass<\/td><td class=\"column-2\">D\u00e1niel<\/td>\n<\/tr>\n<tr class=\"row-20\">\n\t<td class=\"column-1\">Vizes<\/td><td class=\"column-2\">D\u00e1vid Zsolt<\/td>\n<\/tr>\n<\/tbody>\n<\/table>\n<!-- #tablepress-25 from cache -->\t\t\t\t<\/div>\n\t\t\t\t\t<\/div>\n\t\t\t\t<\/div>\n\t\t\t\t<\/div>\n\t\t","protected":false},"excerpt":{"rendered":"<p>Szerkeszt\u00e9s A csapat tagjai Balogh Szebaszti\u00e1n B\u00e1nyai Mih\u00e1ly B\u00e9res Zolt\u00e1n Bir\u00f3 Kende Borz\u00e1k Botond Csernyeczki Bal\u00e1zs Benett De\u00e1k Bence Hunor Dorcsinyecz J\u00f3zsef Hoffmann J\u00f3zsef Krista-Par\u00e1szka Z\u00e9t\u00e9ny M\u00e9sz\u00e1ros \u00c1bel \u00c1kos Nagy \u00c1rmin Papp-Zsolnai Zal\u00e1n Petruzs\u00e1n Zsombor Csoma Somlyai D\u00e1vid Uhljar Zsombor Varga S\u00e1ndor Vass D\u00e1niel Vizes D\u00e1vid Zsolt<\/p>\n","protected":false},"author":1,"featured_media":0,"parent":103,"menu_order":18,"comment_status":"closed","ping_status":"closed","template":"","meta":{"footnotes":""},"class_list":["post-4833","page","type-page","status-publish","hentry"],"publishpress_future_action":{"enabled":false,"date":"2026-05-14 11:46:39","action":"change-status","newStatus":"draft","terms":[],"taxonomy":"","extraData":[]},"publishpress_future_workflow_manual_trigger":{"enabledWorkflows":[]},"_links":{"self":[{"href":"https:\/\/bcsla.hu\/site\/wp-json\/wp\/v2\/pages\/4833","targetHints":{"allow":["GET"]}}],"collection":[{"href":"https:\/\/bcsla.hu\/site\/wp-json\/wp\/v2\/pages"}],"about":[{"href":"https:\/\/bcsla.hu\/site\/wp-json\/wp\/v2\/types\/page"}],"author":[{"embeddable":true,"href":"https:\/\/bcsla.hu\/site\/wp-json\/wp\/v2\/users\/1"}],"replies":[{"embeddable":true,"href":"https:\/\/bcsla.hu\/site\/wp-json\/wp\/v2\/comments?post=4833"}],"version-history":[{"count":5,"href":"https:\/\/bcsla.hu\/site\/wp-json\/wp\/v2\/pages\/4833\/revisions"}],"predecessor-version":[{"id":14281,"href":"https:\/\/bcsla.hu\/site\/wp-json\/wp\/v2\/pages\/4833\/revisions\/14281"}],"up":[{"embeddable":true,"href":"https:\/\/bcsla.hu\/site\/wp-json\/wp\/v2\/pages\/103"}],"wp:attachment":[{"href":"https:\/\/bcsla.hu\/site\/wp-json\/wp\/v2\/media?parent=4833"}],"curies":[{"name":"wp","href":"https:\/\/api.w.org\/{rel}","templated":true}]}}