{"id":5166,"date":"2019-10-27T15:47:42","date_gmt":"2019-10-27T14:47:42","guid":{"rendered":"https:\/\/bcsla.hu\/site\/?page_id=5166"},"modified":"2025-11-12T01:54:02","modified_gmt":"2025-11-12T00:54:02","slug":"bekescsaba-labdarugo-akademia-u17","status":"publish","type":"page","link":"https:\/\/bcsla.hu\/site\/csapatok\/bekescsaba-labdarugo-akademia-u17\/","title":{"rendered":"B\u00e9k\u00e9scsaba Labdar\u00fag\u00f3 Akad\u00e9mia &#8211; U17"},"content":{"rendered":"\t\t<div data-elementor-type=\"wp-page\" data-elementor-id=\"5166\" class=\"elementor elementor-5166\">\n\t\t\t\t<div class=\"elementor-element elementor-element-f145ed e-flex e-con-boxed e-con e-parent\" data-id=\"f145ed\" data-element_type=\"container\" data-e-type=\"container\">\n\t\t\t\t\t<div class=\"e-con-inner\">\n\t\t\t\t<div class=\"elementor-element elementor-element-ac188e8 elementor-widget elementor-widget-image\" data-id=\"ac188e8\" data-element_type=\"widget\" data-e-type=\"widget\" data-widget_type=\"image.default\">\n\t\t\t\t\t\t\t\t\t\t\t\t\t\t\t<img fetchpriority=\"high\" decoding=\"async\" width=\"1024\" height=\"683\" src=\"https:\/\/bcsla.hu\/site\/wp-content\/uploads\/2025\/11\/BLA_U17_2025_2026-1024x683.jpg\" class=\"attachment-large size-large wp-image-14228\" alt=\"\" srcset=\"https:\/\/bcsla.hu\/site\/wp-content\/uploads\/2025\/11\/BLA_U17_2025_2026-1024x683.jpg 1024w, https:\/\/bcsla.hu\/site\/wp-content\/uploads\/2025\/11\/BLA_U17_2025_2026-300x200.jpg 300w, https:\/\/bcsla.hu\/site\/wp-content\/uploads\/2025\/11\/BLA_U17_2025_2026-768x512.jpg 768w, https:\/\/bcsla.hu\/site\/wp-content\/uploads\/2025\/11\/BLA_U17_2025_2026-1536x1024.jpg 1536w, https:\/\/bcsla.hu\/site\/wp-content\/uploads\/2025\/11\/BLA_U17_2025_2026-100x67.jpg 100w, https:\/\/bcsla.hu\/site\/wp-content\/uploads\/2025\/11\/BLA_U17_2025_2026-50x33.jpg 50w, https:\/\/bcsla.hu\/site\/wp-content\/uploads\/2025\/11\/BLA_U17_2025_2026-25x17.jpg 25w, https:\/\/bcsla.hu\/site\/wp-content\/uploads\/2025\/11\/BLA_U17_2025_2026-90x60.jpg 90w, https:\/\/bcsla.hu\/site\/wp-content\/uploads\/2025\/11\/BLA_U17_2025_2026-250x167.jpg 250w, https:\/\/bcsla.hu\/site\/wp-content\/uploads\/2025\/11\/BLA_U17_2025_2026-225x150.jpg 225w, https:\/\/bcsla.hu\/site\/wp-content\/uploads\/2025\/11\/BLA_U17_2025_2026.jpg 2048w\" sizes=\"(max-width: 1024px) 100vw, 1024px\" \/>\t\t\t\t\t\t\t\t\t\t\t\t\t\t\t<\/div>\n\t\t\t\t<div class=\"elementor-element elementor-element-2a8f7eb elementor-widget elementor-widget-tablepress-table\" data-id=\"2a8f7eb\" data-element_type=\"widget\" data-e-type=\"widget\" data-widget_type=\"tablepress-table.default\">\n\t\t\t\t\t\n<table id=\"tablepress-23\" class=\"tablepress tablepress-id-23\">\n<thead>\n<tr class=\"row-1\">\n\t<th colspan=\"2\" class=\"column-1\">A csapat tagjai a 2025\/26-os szezonban<\/th>\n<\/tr>\n<\/thead>\n<tbody class=\"row-striping row-hover\">\n<tr class=\"row-2\">\n\t<td class=\"column-1\">Babecz<\/td><td class=\"column-2\">\u00c1ron<\/td>\n<\/tr>\n<tr class=\"row-3\">\n\t<td class=\"column-1\">Barta<\/td><td class=\"column-2\">Tibor<\/td>\n<\/tr>\n<tr class=\"row-4\">\n\t<td class=\"column-1\">Berki<\/td><td class=\"column-2\">Levente<\/td>\n<\/tr>\n<tr class=\"row-5\">\n\t<td class=\"column-1\">Boldis<\/td><td class=\"column-2\">L\u00e1szl\u00f3<\/td>\n<\/tr>\n<tr class=\"row-6\">\n\t<td class=\"column-1\">Csik\u00f3s<\/td><td class=\"column-2\">Bal\u00e1zs<\/td>\n<\/tr>\n<tr class=\"row-7\">\n\t<td class=\"column-1\">Dudaszeg<\/td><td class=\"column-2\">Levente<\/td>\n<\/tr>\n<tr class=\"row-8\">\n\t<td class=\"column-1\">Gy\u0151rfi<\/td><td class=\"column-2\">Ferenc<\/td>\n<\/tr>\n<tr class=\"row-9\">\n\t<td class=\"column-1\">Hunyadi<\/td><td class=\"column-2\">Levente<\/td>\n<\/tr>\n<tr class=\"row-10\">\n\t<td class=\"column-1\">Jass<\/td><td class=\"column-2\">Roland<\/td>\n<\/tr>\n<tr class=\"row-11\">\n\t<td class=\"column-1\">Kerepeczky<\/td><td class=\"column-2\">Krist\u00f3f<\/td>\n<\/tr>\n<tr class=\"row-12\">\n\t<td class=\"column-1\">Kolomp\u00e1r<\/td><td class=\"column-2\">Kevin<\/td>\n<\/tr>\n<tr class=\"row-13\">\n\t<td class=\"column-1\">Kov\u00e1cs<\/td><td class=\"column-2\">Gerg\u0151<\/td>\n<\/tr>\n<tr class=\"row-14\">\n\t<td class=\"column-1\">Krasznai<\/td><td class=\"column-2\">L\u00e1szl\u00f3<\/td>\n<\/tr>\n<tr class=\"row-15\">\n\t<td class=\"column-1\">Mezei<\/td><td class=\"column-2\">M\u00e1rk<\/td>\n<\/tr>\n<tr class=\"row-16\">\n\t<td class=\"column-1\">Moldv\u00e1n<\/td><td class=\"column-2\">Kriszti\u00e1n Krist\u00f3f<\/td>\n<\/tr>\n<tr class=\"row-17\">\n\t<td class=\"column-1\">M\u00f3zes<\/td><td class=\"column-2\">\u00c1d\u00e1m<\/td>\n<\/tr>\n<tr class=\"row-18\">\n\t<td class=\"column-1\">Paraizs<\/td><td class=\"column-2\">Konr\u00e1d Tam\u00e1s<\/td>\n<\/tr>\n<tr class=\"row-19\">\n\t<td class=\"column-1\">Szeles<\/td><td class=\"column-2\">N\u00e1ndor<\/td>\n<\/tr>\n<tr class=\"row-20\">\n\t<td class=\"column-1\">Szikora<\/td><td class=\"column-2\">Patrik<\/td>\n<\/tr>\n<tr class=\"row-21\">\n\t<td class=\"column-1\">Urb\u00e1n<\/td><td class=\"column-2\">Roland<\/td>\n<\/tr>\n<tr class=\"row-22\">\n\t<td class=\"column-1\">Varga<\/td><td class=\"column-2\">Viktor<\/td>\n<\/tr>\n<tr class=\"row-23\">\n\t<td class=\"column-1\">Zsilinszki<\/td><td class=\"column-2\">B\u00e1lint<\/td>\n<\/tr>\n<\/tbody>\n<\/table>\n<!-- #tablepress-23 from cache -->\t\t\t\t<\/div>\n\t\t\t\t\t<\/div>\n\t\t\t\t<\/div>\n\t\t\t\t<\/div>\n\t\t","protected":false},"excerpt":{"rendered":"<p>Szerkeszt\u00e9s A csapat tagjai Babecz \u00c1ron Barta Tibor Berki Levente Boldis L\u00e1szl\u00f3 Csik\u00f3s Bal\u00e1zs Dudaszeg Levente Gy\u0151rfi Ferenc Hunyadi Levente Jass Roland Kerepeczky Krist\u00f3f Kolomp\u00e1r Kevin Kov\u00e1cs Gerg\u0151 Krasznai L\u00e1szl\u00f3 Mezei M\u00e1rk Moldv\u00e1n Kriszti\u00e1n Krist\u00f3f M\u00f3zes \u00c1d\u00e1m Paraizs Konr\u00e1d Tam\u00e1s Szeles N\u00e1ndor Szikora Patrik Urb\u00e1n Roland Varga Viktor Zsilinszki B\u00e1lint<\/p>\n","protected":false},"author":1,"featured_media":0,"parent":103,"menu_order":12,"comment_status":"closed","ping_status":"closed","template":"","meta":{"footnotes":""},"class_list":["post-5166","page","type-page","status-publish","hentry"],"publishpress_future_action":{"enabled":false,"date":"2026-05-02 11:10:25","action":"change-status","newStatus":"draft","terms":[],"taxonomy":"","extraData":[]},"publishpress_future_workflow_manual_trigger":{"enabledWorkflows":[]},"_links":{"self":[{"href":"https:\/\/bcsla.hu\/site\/wp-json\/wp\/v2\/pages\/5166","targetHints":{"allow":["GET"]}}],"collection":[{"href":"https:\/\/bcsla.hu\/site\/wp-json\/wp\/v2\/pages"}],"about":[{"href":"https:\/\/bcsla.hu\/site\/wp-json\/wp\/v2\/types\/page"}],"author":[{"embeddable":true,"href":"https:\/\/bcsla.hu\/site\/wp-json\/wp\/v2\/users\/1"}],"replies":[{"embeddable":true,"href":"https:\/\/bcsla.hu\/site\/wp-json\/wp\/v2\/comments?post=5166"}],"version-history":[{"count":5,"href":"https:\/\/bcsla.hu\/site\/wp-json\/wp\/v2\/pages\/5166\/revisions"}],"predecessor-version":[{"id":14275,"href":"https:\/\/bcsla.hu\/site\/wp-json\/wp\/v2\/pages\/5166\/revisions\/14275"}],"up":[{"embeddable":true,"href":"https:\/\/bcsla.hu\/site\/wp-json\/wp\/v2\/pages\/103"}],"wp:attachment":[{"href":"https:\/\/bcsla.hu\/site\/wp-json\/wp\/v2\/media?parent=5166"}],"curies":[{"name":"wp","href":"https:\/\/api.w.org\/{rel}","templated":true}]}}