{"id":5524,"date":"2019-12-30T07:26:25","date_gmt":"2019-12-30T06:26:25","guid":{"rendered":"https:\/\/bcsla.hu\/site\/?page_id=5524"},"modified":"2025-11-12T02:15:12","modified_gmt":"2025-11-12T01:15:12","slug":"bekescsaba-labdarugo-akademia-u8","status":"publish","type":"page","link":"https:\/\/bcsla.hu\/site\/csapatok\/bekescsaba-labdarugo-akademia-u8\/","title":{"rendered":"B\u00e9k\u00e9scsaba Labdar\u00fag\u00f3 Akad\u00e9mia &#8211; U8"},"content":{"rendered":"\t\t<div data-elementor-type=\"wp-page\" data-elementor-id=\"5524\" class=\"elementor elementor-5524\">\n\t\t\t\t<div class=\"elementor-element elementor-element-1b27eda e-flex e-con-boxed e-con e-parent\" data-id=\"1b27eda\" data-element_type=\"container\" data-e-type=\"container\">\n\t\t\t\t\t<div class=\"e-con-inner\">\n\t\t\t\t<div class=\"elementor-element elementor-element-396d7cf elementor-widget elementor-widget-image\" data-id=\"396d7cf\" data-element_type=\"widget\" data-e-type=\"widget\" data-widget_type=\"image.default\">\n\t\t\t\t\t\t\t\t\t\t\t\t\t\t\t<img fetchpriority=\"high\" decoding=\"async\" width=\"1024\" height=\"683\" src=\"https:\/\/bcsla.hu\/site\/wp-content\/uploads\/2025\/11\/BLA_U8_2025_2026-1024x683.jpg\" class=\"attachment-large size-large wp-image-14218\" alt=\"\" srcset=\"https:\/\/bcsla.hu\/site\/wp-content\/uploads\/2025\/11\/BLA_U8_2025_2026-1024x683.jpg 1024w, https:\/\/bcsla.hu\/site\/wp-content\/uploads\/2025\/11\/BLA_U8_2025_2026-300x200.jpg 300w, https:\/\/bcsla.hu\/site\/wp-content\/uploads\/2025\/11\/BLA_U8_2025_2026-768x512.jpg 768w, https:\/\/bcsla.hu\/site\/wp-content\/uploads\/2025\/11\/BLA_U8_2025_2026-1536x1024.jpg 1536w, https:\/\/bcsla.hu\/site\/wp-content\/uploads\/2025\/11\/BLA_U8_2025_2026-100x67.jpg 100w, https:\/\/bcsla.hu\/site\/wp-content\/uploads\/2025\/11\/BLA_U8_2025_2026-50x33.jpg 50w, https:\/\/bcsla.hu\/site\/wp-content\/uploads\/2025\/11\/BLA_U8_2025_2026-25x17.jpg 25w, https:\/\/bcsla.hu\/site\/wp-content\/uploads\/2025\/11\/BLA_U8_2025_2026-90x60.jpg 90w, https:\/\/bcsla.hu\/site\/wp-content\/uploads\/2025\/11\/BLA_U8_2025_2026-250x167.jpg 250w, https:\/\/bcsla.hu\/site\/wp-content\/uploads\/2025\/11\/BLA_U8_2025_2026-225x150.jpg 225w, https:\/\/bcsla.hu\/site\/wp-content\/uploads\/2025\/11\/BLA_U8_2025_2026.jpg 2048w\" sizes=\"(max-width: 1024px) 100vw, 1024px\" \/>\t\t\t\t\t\t\t\t\t\t\t\t\t\t\t<\/div>\n\t\t\t\t<div class=\"elementor-element elementor-element-7818a72 elementor-widget elementor-widget-tablepress-table\" data-id=\"7818a72\" data-element_type=\"widget\" data-e-type=\"widget\" data-widget_type=\"tablepress-table.default\">\n\t\t\t\t\t\n<table id=\"tablepress-32\" class=\"tablepress tablepress-id-32\">\n<thead>\n<tr class=\"row-1\">\n\t<th colspan=\"2\" class=\"column-1\">A csapat tagjai a 2025\/26-os szezonban<\/th>\n<\/tr>\n<\/thead>\n<tbody class=\"row-striping row-hover\">\n<tr class=\"row-2\">\n\t<td class=\"column-1\">Belanka<\/td><td class=\"column-2\">M\u00e1rton<\/td>\n<\/tr>\n<tr class=\"row-3\">\n\t<td class=\"column-1\">Czapp<\/td><td class=\"column-2\">\u00c1bel<\/td>\n<\/tr>\n<tr class=\"row-4\">\n\t<td class=\"column-1\">Csap\u00f3<\/td><td class=\"column-2\">Botond<\/td>\n<\/tr>\n<tr class=\"row-5\">\n\t<td class=\"column-1\">Danczik<\/td><td class=\"column-2\">D\u00e1vid Atilla<\/td>\n<\/tr>\n<tr class=\"row-6\">\n\t<td class=\"column-1\">Darida<\/td><td class=\"column-2\">Benedek<\/td>\n<\/tr>\n<tr class=\"row-7\">\n\t<td class=\"column-1\">Dunai<\/td><td class=\"column-2\">Mil\u00e1n<\/td>\n<\/tr>\n<tr class=\"row-8\">\n\t<td class=\"column-1\">Farag\u00f3<\/td><td class=\"column-2\">G\u00e1bor<\/td>\n<\/tr>\n<tr class=\"row-9\">\n\t<td class=\"column-1\">Hajd\u00fa<\/td><td class=\"column-2\">M\u00e1t\u00e9<\/td>\n<\/tr>\n<tr class=\"row-10\">\n\t<td class=\"column-1\">Hurs\u00e1n<\/td><td class=\"column-2\">Alex<\/td>\n<\/tr>\n<tr class=\"row-11\">\n\t<td class=\"column-1\">K\u00e1rp\u00e1ti<\/td><td class=\"column-2\">Dori\u00e1n<\/td>\n<\/tr>\n<tr class=\"row-12\">\n\t<td class=\"column-1\">Kerepeczki<\/td><td class=\"column-2\">Patrik<\/td>\n<\/tr>\n<tr class=\"row-13\">\n\t<td class=\"column-1\">Kov\u00e1cs<\/td><td class=\"column-2\">M\u00e1t\u00e9<\/td>\n<\/tr>\n<tr class=\"row-14\">\n\t<td class=\"column-1\">Melis<\/td><td class=\"column-2\">Mil\u00e1n<\/td>\n<\/tr>\n<tr class=\"row-15\">\n\t<td class=\"column-1\">Pl\u00e1styik<\/td><td class=\"column-2\">Z\u00e9t\u00e9ny<\/td>\n<\/tr>\n<tr class=\"row-16\">\n\t<td class=\"column-1\">Rith<\/td><td class=\"column-2\">Levente<\/td>\n<\/tr>\n<tr class=\"row-17\">\n\t<td class=\"column-1\">Sz\u00e1szi<\/td><td class=\"column-2\">P\u00e9ter<\/td>\n<\/tr>\n<\/tbody>\n<\/table>\n<!-- #tablepress-32 from cache -->\t\t\t\t<\/div>\n\t\t\t\t\t<\/div>\n\t\t\t\t<\/div>\n\t\t\t\t<\/div>\n\t\t","protected":false},"excerpt":{"rendered":"<p>Szerkeszt\u00e9s A csapat tagjai a 2025\/26-os szezonban Belanka M\u00e1rton Czapp \u00c1bel Csap\u00f3 Botond Danczik D\u00e1vid Atilla Darida Benedek Dunai Mil\u00e1n Farag\u00f3 G\u00e1bor Hajd\u00fa M\u00e1t\u00e9 Hurs\u00e1n Alex K\u00e1rp\u00e1ti Dori\u00e1n Kerepeczki Patrik Kov\u00e1cs M\u00e1t\u00e9 Melis Mil\u00e1n Pl\u00e1styik Z\u00e9t\u00e9ny Rith Levente Sz\u00e1szi P\u00e9ter<\/p>\n","protected":false},"author":1,"featured_media":0,"parent":103,"menu_order":27,"comment_status":"closed","ping_status":"closed","template":"","meta":{"footnotes":""},"class_list":["post-5524","page","type-page","status-publish","hentry"],"publishpress_future_action":{"enabled":false,"date":"2026-05-02 11:10:25","action":"change-status","newStatus":"draft","terms":[],"taxonomy":"","extraData":[]},"publishpress_future_workflow_manual_trigger":{"enabledWorkflows":[]},"_links":{"self":[{"href":"https:\/\/bcsla.hu\/site\/wp-json\/wp\/v2\/pages\/5524","targetHints":{"allow":["GET"]}}],"collection":[{"href":"https:\/\/bcsla.hu\/site\/wp-json\/wp\/v2\/pages"}],"about":[{"href":"https:\/\/bcsla.hu\/site\/wp-json\/wp\/v2\/types\/page"}],"author":[{"embeddable":true,"href":"https:\/\/bcsla.hu\/site\/wp-json\/wp\/v2\/users\/1"}],"replies":[{"embeddable":true,"href":"https:\/\/bcsla.hu\/site\/wp-json\/wp\/v2\/comments?post=5524"}],"version-history":[{"count":5,"href":"https:\/\/bcsla.hu\/site\/wp-json\/wp\/v2\/pages\/5524\/revisions"}],"predecessor-version":[{"id":14315,"href":"https:\/\/bcsla.hu\/site\/wp-json\/wp\/v2\/pages\/5524\/revisions\/14315"}],"up":[{"embeddable":true,"href":"https:\/\/bcsla.hu\/site\/wp-json\/wp\/v2\/pages\/103"}],"wp:attachment":[{"href":"https:\/\/bcsla.hu\/site\/wp-json\/wp\/v2\/media?parent=5524"}],"curies":[{"name":"wp","href":"https:\/\/api.w.org\/{rel}","templated":true}]}}