{"id":5963,"date":"2020-04-03T10:43:48","date_gmt":"2020-04-03T08:43:48","guid":{"rendered":"https:\/\/bcsla.hu\/site\/?page_id=5963"},"modified":"2020-04-03T10:57:02","modified_gmt":"2020-04-03T08:57:02","slug":"tarsasagi-ado","status":"publish","type":"page","link":"https:\/\/bcsla.hu\/site\/tarsasagi-ado\/","title":{"rendered":"T\u00e1rsas\u00e1gi ad\u00f3"},"content":{"rendered":"<h4 style=\"text-align: justify;\">SEG\u00cdTSEN \u00d6N IS A V\u00c1ROS \u00c9S A B\u00c9K\u00c9SCSABA 1912 EL\u0150RE SPORTEGYES\u00dcLET FEJLESZT\u00c9S\u00c9BEN!<\/h4>\n<h2 style=\"text-align: justify;\">Ad\u00f3j\u00e1val a v\u00e1rost \u00e9s a B\u00e9k\u00e9scsaba 1912 El\u0151re SE-t is fejlesztheti!<\/h2>\n<div class=\"form-desc\">\n<p style=\"text-align: justify;\">Tudta, hogy a c\u00e9gek\/v\u00e1llalatok a NAV-nak fizetend\u0151 t\u00e1rsas\u00e1gi ad\u00f3b\u00f3l felaj\u00e1nl\u00e1sokat lehetnek a B\u00e9k\u00e9scsaba 1912 El\u0151re Sportegyes\u00fclet jav\u00e1ra, t\u00e1mogatva ezzel a klub tev\u00e9kenys\u00e9g\u00e9t? Ezen \u00f6sszegekb\u0151l van lehet\u0151s\u00e9g\u00fcnk\u00a0az akad\u00e9mia fejleszt\u00e9s\u00e9re, illetve sporteszk\u00f6z\u00f6k v\u00e1s\u00e1rl\u00e1s\u00e1ra az ut\u00e1np\u00f3tl\u00e1s csapatok r\u00e9sz\u00e9re.<\/p>\n<p style=\"text-align: justify;\">R\u00e1ad\u00e1sul a felaj\u00e1nlott \u00f6sszeg ut\u00e1n ad\u00f3j\u00f3v\u00e1\u00edr\u00e1s is megilleti a c\u00e9get, teh\u00e1t a c\u00e9gnek is anyagi el\u0151nnyel j\u00e1r a felaj\u00e1nl\u00e1s!<\/p>\n<p style=\"text-align: center;\"><img decoding=\"async\" class=\"alignnone size-full wp-image-34\" src=\"https:\/\/bcsla.hu\/site\/wp-content\/uploads\/2017\/03\/line_purple.png\" alt=\"\" width=\"680\" height=\"1\" srcset=\"https:\/\/bcsla.hu\/site\/wp-content\/uploads\/2017\/03\/line_purple.png 680w, https:\/\/bcsla.hu\/site\/wp-content\/uploads\/2017\/03\/line_purple-150x1.png 150w, https:\/\/bcsla.hu\/site\/wp-content\/uploads\/2017\/03\/line_purple-300x1.png 300w, https:\/\/bcsla.hu\/site\/wp-content\/uploads\/2017\/03\/line_purple-292x1.png 292w, https:\/\/bcsla.hu\/site\/wp-content\/uploads\/2017\/03\/line_purple-100x1.png 100w, https:\/\/bcsla.hu\/site\/wp-content\/uploads\/2017\/03\/line_purple-50x1.png 50w, https:\/\/bcsla.hu\/site\/wp-content\/uploads\/2017\/03\/line_purple-25x1.png 25w, https:\/\/bcsla.hu\/site\/wp-content\/uploads\/2017\/03\/line_purple-90x1.png 90w\" sizes=\"(max-width: 680px) 100vw, 680px\" \/><\/p>\n<\/div>\n<p style=\"text-align: justify;\"><iframe src=\"https:\/\/www.youtube.com\/embed\/TfDrll-mpiE\" width=\"680\" height=\"362\" frameborder=\"0\" allowfullscreen=\"allowfullscreen\"><\/iframe><\/p>\n<div class=\"form-desc\">\n<p style=\"text-align: center;\"><img decoding=\"async\" class=\"alignnone size-full wp-image-34\" src=\"https:\/\/bcsla.hu\/site\/wp-content\/uploads\/2017\/03\/line_purple.png\" alt=\"\" width=\"680\" height=\"1\" srcset=\"https:\/\/bcsla.hu\/site\/wp-content\/uploads\/2017\/03\/line_purple.png 680w, https:\/\/bcsla.hu\/site\/wp-content\/uploads\/2017\/03\/line_purple-150x1.png 150w, https:\/\/bcsla.hu\/site\/wp-content\/uploads\/2017\/03\/line_purple-300x1.png 300w, https:\/\/bcsla.hu\/site\/wp-content\/uploads\/2017\/03\/line_purple-292x1.png 292w, https:\/\/bcsla.hu\/site\/wp-content\/uploads\/2017\/03\/line_purple-100x1.png 100w, https:\/\/bcsla.hu\/site\/wp-content\/uploads\/2017\/03\/line_purple-50x1.png 50w, https:\/\/bcsla.hu\/site\/wp-content\/uploads\/2017\/03\/line_purple-25x1.png 25w, https:\/\/bcsla.hu\/site\/wp-content\/uploads\/2017\/03\/line_purple-90x1.png 90w\" sizes=\"(max-width: 680px) 100vw, 680px\" \/><\/p>\n<\/div>\n<p style=\"text-align: justify;\"><strong>K\u00e9rj\u00fck adja meg a c\u00e9gvezet\u0151, vagy a p\u00e9nz\u00fcgyi k\u00e9rd\u00e9sekben illet\u00e9kes dolgoz\u00f3 (pl. k\u00f6nyvel\u0151) el\u00e9rhet\u0151s\u00e9g\u00e9t \u00e9s mi t\u00e1j\u00e9koztatjuk a lehet\u0151s\u00e9gekr\u0151l!<\/strong><\/p>\n<div id=\"vfb-form-3\" class=\"visual-form-builder-container\"><form id=\"uzenetkuldes-tao-3\" class=\"visual-form-builder vfb-form-3 \" method=\"post\" enctype=\"multipart\/form-data\">\n\t  \t<input type=\"hidden\" name=\"form_id\" value=\"3\" \/><fieldset class=\"vfb-fieldset vfb-fieldset-1 30 \" id=\"item-vfb-30\">&nbsp;<ul class=\"vfb-section vfb-section-1\"><li class=\"vfb-item vfb-item-instructions  \" id=\"item-vfb-60\"><label class=\"vfb-desc\"> <\/label>A *-gal jel\u00f6lt mez\u0151k kit\u00f6lt\u00e9se \u00e9s az ellen\u0151rz\u0151 k\u00f3d be\u00edr\u00e1sa sz\u00fcks\u00e9ges.<\/li><li class=\"vfb-item vfb-item-text  \" id=\"item-vfb-35\"><label for=\"vfb-35\" class=\"vfb-desc\">N\u00e9v \/ c\u00e9gn\u00e9v:  <span class=\"vfb-required-asterisk\">*<\/span><\/label><input type=\"text\" name=\"vfb-35\" id=\"vfb-35\" value=\"\" class=\"vfb-text  vfb-medium  required  \" \/><\/li><li class=\"vfb-item vfb-item-instructions  \" id=\"item-vfb-34\"><label class=\"vfb-desc\"> <\/label>Az illet\u00e9kes szem\u00e9ly el\u00e9rhet\u0151s\u00e9gei (c\u00e9gvezet\u0151 \/ tulajdonos \/ k\u00f6nyvel\u0151)<\/li><li class=\"vfb-item vfb-item-text  \" id=\"item-vfb-59\"><label for=\"vfb-59\" class=\"vfb-desc\">N\u00e9v <\/label><input type=\"text\" name=\"vfb-59\" id=\"vfb-59\" value=\"\" class=\"vfb-text  vfb-medium   \" \/><\/li><li class=\"vfb-item vfb-item-email  \" id=\"item-vfb-36\"><label for=\"vfb-36\" class=\"vfb-desc\">E-mail c\u00edm  <span class=\"vfb-required-asterisk\">*<\/span><\/label><input type=\"email\" name=\"vfb-36\" id=\"vfb-36\" value=\"\" class=\"vfb-text  vfb-medium  required  email \" \/><\/li><li class=\"vfb-item vfb-item-phone  \" id=\"item-vfb-37\"><label for=\"vfb-37\" class=\"vfb-desc\">Telefonsz\u00e1m  <span class=\"vfb-required-asterisk\">*<\/span><\/label><span class=\"vfb-span\"><input type=\"tel\" name=\"vfb-37\" id=\"vfb-37\" value=\"\" class=\"vfb-text  vfb-medium  required  phone \" \/><label>Csak sz\u00e1mokat sz\u00edveskedjen be\u00edrni!<\/label><\/span><\/li><\/ul>&nbsp;<\/fieldset><fieldset class=\"vfb-fieldset vfb-fieldset-2 captcha-kod \" id=\"item-vfb-31\" style=\"display:block\"><div class=\"vfb-legend\"><h3>Captcha-k\u00f3d<\/h3><\/div><ul class=\"vfb-section vfb-section-2\"><li class=\"vfb-item vfb-item-secret\"  style=\"display:block\"><label for=\"vfb-32\" class=\"vfb-desc\">\u00cdrjon be k\u00e9t karakterb\u0151l \u00e1ll\u00f3 sz\u00e1mjegyet! <span class=\"vfb-required-asterisk\">*<\/span><\/label><input type=\"hidden\" name=\"_vfb-secret\" value=\"vfb-32\" \/><span class=\"vfb-span\"><input type=\"text\" name=\"vfb-32\" id=\"vfb-32\" value=\"\" class=\"vfb-text  vfb-medium  required {digits:true,maxlength:2,minlength:2} \" style=\"display:block\" \/><label>P\u00e9ld\u00e1ul: 12<\/label><\/span><li style=\"display:none;\"><label>This box is for spam protection - &lt;strong&gt;please leave it blank&lt;\/strong&gt;:<\/label><div><input name=\"vfb-spam\" \/><\/div><\/li>\n\t\t\t<li class=\"vfb-item vfb-item-submit\" id=\"item-vfb-33\">\n\t\t\t\t<input type=\"submit\" name=\"vfb-submit\" id=\"vfb-33\" value=\"\u00dczenet elk\u00fcld\u00e9se\" class=\"vfb-submit \" \/>\n\t\t\t\t<\/li><\/ul>\n\t\t\t<\/fieldset><input type=\"hidden\" name=\"_wp_http_referer\" value=\"\/site\/wp-json\/wp\/v2\/pages\/5963\" \/><\/form><\/div> <!-- .visual-form-builder-container -->\n<p style=\"text-align: center;\"><img decoding=\"async\" class=\"alignnone size-full wp-image-34\" src=\"https:\/\/bcsla.hu\/site\/wp-content\/uploads\/2017\/03\/line_purple.png\" alt=\"\" width=\"680\" height=\"1\" srcset=\"https:\/\/bcsla.hu\/site\/wp-content\/uploads\/2017\/03\/line_purple.png 680w, https:\/\/bcsla.hu\/site\/wp-content\/uploads\/2017\/03\/line_purple-150x1.png 150w, https:\/\/bcsla.hu\/site\/wp-content\/uploads\/2017\/03\/line_purple-300x1.png 300w, https:\/\/bcsla.hu\/site\/wp-content\/uploads\/2017\/03\/line_purple-292x1.png 292w, https:\/\/bcsla.hu\/site\/wp-content\/uploads\/2017\/03\/line_purple-100x1.png 100w, https:\/\/bcsla.hu\/site\/wp-content\/uploads\/2017\/03\/line_purple-50x1.png 50w, https:\/\/bcsla.hu\/site\/wp-content\/uploads\/2017\/03\/line_purple-25x1.png 25w, https:\/\/bcsla.hu\/site\/wp-content\/uploads\/2017\/03\/line_purple-90x1.png 90w\" sizes=\"(max-width: 680px) 100vw, 680px\" \/><\/p>\n<p style=\"text-align: left;\"><strong>Sportkoncepci\u00f3 &#8211; prospektus:<\/strong><\/p>\n<p style=\"text-align: left;\"><a href=\"https:\/\/bcsla.hu\/site\/bemutatkozas\/prospektus\/\">https:\/\/bcsla.hu\/site\/bemutatkozas\/prospektus\/<\/a><\/p>\n","protected":false},"excerpt":{"rendered":"<p>SEG\u00cdTSEN \u00d6N IS A V\u00c1ROS \u00c9S A B\u00c9K\u00c9SCSABA 1912 EL\u0150RE SPORTEGYES\u00dcLET FEJLESZT\u00c9S\u00c9BEN! Ad\u00f3j\u00e1val a v\u00e1rost \u00e9s a B\u00e9k\u00e9scsaba 1912 El\u0151re SE-t is fejlesztheti! Tudta, hogy a c\u00e9gek\/v\u00e1llalatok a NAV-nak fizetend\u0151 t\u00e1rsas\u00e1gi ad\u00f3b\u00f3l felaj\u00e1nl\u00e1sokat lehetnek a B\u00e9k\u00e9scsaba 1912 El\u0151re Sportegyes\u00fclet jav\u00e1ra, t\u00e1mogatva ezzel a klub tev\u00e9kenys\u00e9g\u00e9t? Ezen \u00f6sszegekb\u0151l van lehet\u0151s\u00e9g\u00fcnk\u00a0az akad\u00e9mia fejleszt\u00e9s\u00e9re, illetve sporteszk\u00f6z\u00f6k v\u00e1s\u00e1rl\u00e1s\u00e1ra az [&hellip;]<\/p>\n","protected":false},"author":1,"featured_media":0,"parent":0,"menu_order":42,"comment_status":"closed","ping_status":"closed","template":"","meta":{"footnotes":""},"class_list":["post-5963","page","type-page","status-publish","hentry"],"publishpress_future_action":{"enabled":false,"date":"2026-05-11 11:35:30","action":"change-status","newStatus":"draft","terms":[],"taxonomy":"","extraData":[]},"publishpress_future_workflow_manual_trigger":{"enabledWorkflows":[]},"_links":{"self":[{"href":"https:\/\/bcsla.hu\/site\/wp-json\/wp\/v2\/pages\/5963","targetHints":{"allow":["GET"]}}],"collection":[{"href":"https:\/\/bcsla.hu\/site\/wp-json\/wp\/v2\/pages"}],"about":[{"href":"https:\/\/bcsla.hu\/site\/wp-json\/wp\/v2\/types\/page"}],"author":[{"embeddable":true,"href":"https:\/\/bcsla.hu\/site\/wp-json\/wp\/v2\/users\/1"}],"replies":[{"embeddable":true,"href":"https:\/\/bcsla.hu\/site\/wp-json\/wp\/v2\/comments?post=5963"}],"version-history":[{"count":5,"href":"https:\/\/bcsla.hu\/site\/wp-json\/wp\/v2\/pages\/5963\/revisions"}],"predecessor-version":[{"id":5979,"href":"https:\/\/bcsla.hu\/site\/wp-json\/wp\/v2\/pages\/5963\/revisions\/5979"}],"wp:attachment":[{"href":"https:\/\/bcsla.hu\/site\/wp-json\/wp\/v2\/media?parent=5963"}],"curies":[{"name":"wp","href":"https:\/\/api.w.org\/{rel}","templated":true}]}}