{"id":6014,"date":"2020-05-03T17:28:19","date_gmt":"2020-05-03T15:28:19","guid":{"rendered":"https:\/\/bcsla.hu\/site\/?page_id=6014"},"modified":"2020-05-03T17:28:19","modified_gmt":"2020-05-03T15:28:19","slug":"oldalterkep","status":"publish","type":"page","link":"https:\/\/bcsla.hu\/site\/kapcsolat\/oldalterkep\/","title":{"rendered":"Oldalt\u00e9rk\u00e9p"},"content":{"rendered":"<div class=\"wsp-container\"><h2 class=\"wsp-pages-title\">Pages<\/h2>\n<ul class=\"wsp-pages-list\">\n<li class=\"page_item page-item-13777\"><a href=\"https:\/\/bcsla.hu\/site\/bla\/\">BLA<\/a><\/li>\n<li class=\"page_item page-item-13644\"><a href=\"https:\/\/bcsla.hu\/site\/idopontjaim\/\">Id\u0151pontjaim<\/a><\/li>\n<li class=\"page_item page-item-13634\"><a href=\"https:\/\/bcsla.hu\/site\/edzo-naptar\/\">Edz\u0151 napt\u00e1r<\/a><\/li>\n<li class=\"page_item page-item-13631\"><a href=\"https:\/\/bcsla.hu\/site\/idopont-foglalas\/\">Id\u0151pont foglal\u00e1s<\/a><\/li>\n<li class=\"page_item page-item-8316 page_item_has_children\"><a href=\"https:\/\/bcsla.hu\/site\/tarsadalami-szerepvallalas\/\">T\u00e1rsadalami szerepv\u00e1llal\u00e1s<\/a>\n<ul class='children'>\n\t<li class=\"page_item page-item-10226\"><a href=\"https:\/\/bcsla.hu\/site\/tarsadalami-szerepvallalas\/menetrend-eredmenyek-2022-2023\/\">2022\/2023<\/a><\/li>\n\t<li class=\"page_item page-item-8375\"><a href=\"https:\/\/bcsla.hu\/site\/tarsadalami-szerepvallalas\/menetrend-eredmenyek-2021-2022\/\">2021\/2022<\/a><\/li>\n\t<li class=\"page_item page-item-8372\"><a href=\"https:\/\/bcsla.hu\/site\/tarsadalami-szerepvallalas\/menetrend-eredmenyek-2020-2021\/\">2020\/2021<\/a><\/li>\n<\/ul>\n<\/li>\n<li class=\"page_item page-item-7544\"><a href=\"https:\/\/bcsla.hu\/site\/palyarendszabalyok\/\">P\u00e1lyarendszab\u00e1lyok<\/a><\/li>\n<li class=\"page_item page-item-30 page_item_has_children\"><a href=\"https:\/\/bcsla.hu\/site\/bemutatkozas\/\">Bemutatkoz\u00e1s<\/a>\n<ul class='children'>\n\t<li class=\"page_item page-item-4780\"><a href=\"https:\/\/bcsla.hu\/site\/bemutatkozas\/prospektus\/\">Prospektus<\/a><\/li>\n\t<li class=\"page_item page-item-47\"><a href=\"https:\/\/bcsla.hu\/site\/bemutatkozas\/szervezeti-felepites\/\">Szervezeti fel\u00e9p\u00edt\u00e9s<\/a><\/li>\n\t<li class=\"page_item page-item-1449\"><a href=\"https:\/\/bcsla.hu\/site\/bemutatkozas\/videok\/\">Vide\u00f3k<\/a><\/li>\n<\/ul>\n<\/li>\n<li class=\"page_item page-item-103 page_item_has_children\"><a href=\"https:\/\/bcsla.hu\/site\/csapatok\/\">Csapatok<\/a>\n<ul class='children'>\n\t<li class=\"page_item page-item-10669\"><a href=\"https:\/\/bcsla.hu\/site\/csapatok\/bekescsaba-labdarugo-akademia-u10-leany\/\">B\u00e9k\u00e9scsaba Labdar\u00fag\u00f3 Akad\u00e9mia &#8211; U10 Le\u00e1ny<\/a><\/li>\n\t<li class=\"page_item page-item-5174\"><a href=\"https:\/\/bcsla.hu\/site\/csapatok\/bekescsaba-labdarugo-akademia-u19\/\">B\u00e9k\u00e9scsaba Labdar\u00fag\u00f3 Akad\u00e9mia &#8211; U19<\/a><\/li>\n\t<li class=\"page_item page-item-5166\"><a href=\"https:\/\/bcsla.hu\/site\/csapatok\/bekescsaba-labdarugo-akademia-u17\/\">B\u00e9k\u00e9scsaba Labdar\u00fag\u00f3 Akad\u00e9mia &#8211; U17<\/a><\/li>\n\t<li class=\"page_item page-item-5526\"><a href=\"https:\/\/bcsla.hu\/site\/csapatok\/bekescsaba-labdarugo-akademia-u16\/\">B\u00e9k\u00e9scsaba Labdar\u00fag\u00f3 Akad\u00e9mia &#8211; U16<\/a><\/li>\n\t<li class=\"page_item page-item-5529\"><a href=\"https:\/\/bcsla.hu\/site\/csapatok\/bekescsaba-labdarugo-akademia-u14-leany\/\">B\u00e9k\u00e9scsaba Labdar\u00fag\u00f3 Akad\u00e9mia &#8211; U14 Le\u00e1ny<\/a><\/li>\n\t<li class=\"page_item page-item-4833\"><a href=\"https:\/\/bcsla.hu\/site\/csapatok\/bekescsaba-labdarugo-akademia-u15\/\">B\u00e9k\u00e9scsaba Labdar\u00fag\u00f3 Akad\u00e9mia &#8211; U15<\/a><\/li>\n\t<li class=\"page_item page-item-4827\"><a href=\"https:\/\/bcsla.hu\/site\/csapatok\/bekescsaba-labdarugo-akademia-u14\/\">B\u00e9k\u00e9scsaba Labdar\u00fag\u00f3 Akad\u00e9mia &#8211; U14<\/a><\/li>\n\t<li class=\"page_item page-item-4813\"><a href=\"https:\/\/bcsla.hu\/site\/csapatok\/bekescsaba-labdarugo-akademia-u13\/\">B\u00e9k\u00e9scsaba Labdar\u00fag\u00f3 Akad\u00e9mia &#8211; U13<\/a><\/li>\n\t<li class=\"page_item page-item-4806\"><a href=\"https:\/\/bcsla.hu\/site\/csapatok\/bekescsaba-labdarugo-akademia-u12\/\">B\u00e9k\u00e9scsaba Labdar\u00fag\u00f3 Akad\u00e9mia &#8211; U12<\/a><\/li>\n\t<li class=\"page_item page-item-4820\"><a href=\"https:\/\/bcsla.hu\/site\/csapatok\/bekescsaba-labdarugo-akademia-u11\/\">B\u00e9k\u00e9scsaba Labdar\u00fag\u00f3 Akad\u00e9mia &#8211; U11<\/a><\/li>\n\t<li class=\"page_item page-item-4799\"><a href=\"https:\/\/bcsla.hu\/site\/csapatok\/bekescsaba-labdarugo-akademia-u10\/\">B\u00e9k\u00e9scsaba Labdar\u00fag\u00f3 Akad\u00e9mia &#8211; U10<\/a><\/li>\n\t<li class=\"page_item page-item-9165\"><a href=\"https:\/\/bcsla.hu\/site\/csapatok\/bekescsaba-labdarugo-akademia-u9\/\">B\u00e9k\u00e9scsaba Labdar\u00fag\u00f3 Akad\u00e9mia &#8211; U9<\/a><\/li>\n\t<li class=\"page_item page-item-5524\"><a href=\"https:\/\/bcsla.hu\/site\/csapatok\/bekescsaba-labdarugo-akademia-u8\/\">B\u00e9k\u00e9scsaba Labdar\u00fag\u00f3 Akad\u00e9mia &#8211; U8<\/a><\/li>\n\t<li class=\"page_item page-item-5521\"><a href=\"https:\/\/bcsla.hu\/site\/csapatok\/bekescsaba-labdarugo-akademia-u7\/\">B\u00e9k\u00e9scsaba Labdar\u00fag\u00f3 Akad\u00e9mia &#8211; U7<\/a><\/li>\n<\/ul>\n<\/li>\n<li class=\"page_item page-item-25\"><a href=\"https:\/\/bcsla.hu\/site\/partnerek\/\">Partnerek<\/a><\/li>\n<li class=\"page_item page-item-2 page_item_has_children\"><a href=\"https:\/\/bcsla.hu\/site\/kapcsolat\/\">Kapcsolat<\/a>\n<ul class='children'>\n\t<li class=\"page_item page-item-10190\"><a href=\"https:\/\/bcsla.hu\/site\/kapcsolat\/felelossegvallalas\/\">Felel\u0151ss\u00e9gv\u00e1llal\u00e1s<\/a><\/li>\n\t<li class=\"page_item page-item-7322\"><a href=\"https:\/\/bcsla.hu\/site\/kapcsolat\/jelentkezes\/\">Jelentkez\u00e9s<\/a><\/li>\n\t<li class=\"page_item page-item-3191\"><a href=\"https:\/\/bcsla.hu\/site\/kapcsolat\/adatvedelem\/\">Adatv\u00e9delem<\/a><\/li>\n\t<li class=\"page_item page-item-3197\"><a href=\"https:\/\/bcsla.hu\/site\/kapcsolat\/cookie\/\">Cookie<\/a><\/li>\n\t<li class=\"page_item page-item-4468\"><a href=\"https:\/\/bcsla.hu\/site\/kapcsolat\/edzok-munkatarsak\/\">Edz\u0151k &#8211; Munkat\u00e1rsak<\/a><\/li>\n\t<li class=\"page_item page-item-3195\"><a href=\"https:\/\/bcsla.hu\/site\/kapcsolat\/gdpr\/\">GDPR<\/a><\/li>\n\t<li class=\"page_item page-item-6014\"><a href=\"https:\/\/bcsla.hu\/site\/kapcsolat\/oldalterkep\/\">Oldalt\u00e9rk\u00e9p<\/a><\/li>\n\t<li class=\"page_item page-item-14\"><a href=\"https:\/\/bcsla.hu\/site\/kapcsolat\/uzenet\/\">\u00dczenet<\/a><\/li>\n<\/ul>\n<\/li>\n<li class=\"page_item page-item-5963\"><a href=\"https:\/\/bcsla.hu\/site\/tarsasagi-ado\/\">T\u00e1rsas\u00e1gi ad\u00f3<\/a><\/li>\n<\/ul>\n<\/div>\n<div class=\"wsp-container\"><h2 class=\"wsp-categories-title\">Categories<\/h2>\n<ul class=\"wsp-categories-list\">\n\t<li><a href=\"https:\/\/bcsla.hu\/site\/category\/hirek\/\">H\u00edrek<\/a><\/li>\n\t<li><a href=\"https:\/\/bcsla.hu\/site\/category\/eredmenyek\/\">Eredm\u00e9nyek<\/a><\/li>\n\t<li><a href=\"https:\/\/bcsla.hu\/site\/category\/galeria\/\">Gal\u00e9ria<\/a><\/li>\n\t<li><a href=\"https:\/\/bcsla.hu\/site\/category\/sfp\/\">SFP<\/a><\/li>\n\t<li><a href=\"https:\/\/bcsla.hu\/site\/category\/archiv\/\">Arch\u00edv<\/a><\/li>\n\t<li><a href=\"https:\/\/bcsla.hu\/site\/category\/archiv\/archivum-2022\/\">Arch\u00edvum - 2022.<\/a><\/li>\n\t<li><a href=\"https:\/\/bcsla.hu\/site\/category\/archiv\/archivum-2021\/\">Arch\u00edvum - 2021.<\/a><\/li>\n\t<li><a href=\"https:\/\/bcsla.hu\/site\/category\/archiv\/archivum-2020\/\">Arch\u00edvum - 2020.<\/a><\/li>\n\t<li><a href=\"https:\/\/bcsla.hu\/site\/category\/archiv\/archivum-2019\/\">Arch\u00edvum - 2019.<\/a><\/li>\n\t<li><a href=\"https:\/\/bcsla.hu\/site\/category\/archiv\/archivum-2018\/\">Arch\u00edvum - 2018.<\/a><\/li>\n\t<li><a href=\"https:\/\/bcsla.hu\/site\/category\/archiv\/archivum-2017\/\">Arch\u00edvum - 2017.<\/a><\/li>\n\t<li><a href=\"https:\/\/bcsla.hu\/site\/category\/archiv\/archivum-2016\/\">Arch\u00edvum - 2016.<\/a><\/li>\n\t<li><a href=\"https:\/\/bcsla.hu\/site\/category\/eredmenyek\/20222023\/\">2022\/2023<\/a><\/li>\n\t<li><a href=\"https:\/\/bcsla.hu\/site\/category\/eredmenyek\/20212022\/\">2021\/2022<\/a><\/li>\n\t<li><a href=\"https:\/\/bcsla.hu\/site\/category\/eredmenyek\/20202021\/\">2020\/2021<\/a><\/li>\n\t<li><a href=\"https:\/\/bcsla.hu\/site\/category\/eredmenyek\/20192020\/\">2019\/2020<\/a><\/li>\n\t<li><a href=\"https:\/\/bcsla.hu\/site\/category\/eredmenyek\/20182019\/\">2018\/2019<\/a><\/li>\n\t<li><a href=\"https:\/\/bcsla.hu\/site\/category\/galeria\/videok-2022\/\">Vide\u00f3k - 2022.<\/a><\/li>\n\t<li><a href=\"https:\/\/bcsla.hu\/site\/category\/galeria\/videok-2021\/\">Vide\u00f3k - 2021.<\/a><\/li>\n\t<li><a href=\"https:\/\/bcsla.hu\/site\/category\/galeria\/videok-2020\/\">Vide\u00f3k - 2020.<\/a><\/li>\n\t<li><a href=\"https:\/\/bcsla.hu\/site\/category\/galeria\/videok-2019\/\">Vide\u00f3k - 2019.<\/a><\/li>\n\t<li><a href=\"https:\/\/bcsla.hu\/site\/category\/galeria\/videok-2018\/\">Vide\u00f3k - 2018.<\/a><\/li>\n\t<li><a href=\"https:\/\/bcsla.hu\/site\/category\/galeria\/videok-2017\/\">Vide\u00f3k - 2017.<\/a><\/li>\n\t<li><a href=\"https:\/\/bcsla.hu\/site\/category\/sfp\/2026-2027\/\">2026-2027<\/a><\/li>\n\t<li><a href=\"https:\/\/bcsla.hu\/site\/category\/sfp\/2025-2026\/\">2025-2026<\/a><\/li>\n\t<li><a href=\"https:\/\/bcsla.hu\/site\/category\/sfp\/2024-2025\/\">2024-2025<\/a><\/li>\n\t<li><a href=\"https:\/\/bcsla.hu\/site\/category\/sfp\/2023-2024\/\">2023-2024<\/a><\/li>\n\t<li><a href=\"https:\/\/bcsla.hu\/site\/category\/sfp\/2022-2023\/\">2022-2023<\/a><\/li>\n\t<li><a href=\"https:\/\/bcsla.hu\/site\/category\/sfp\/2021-2022\/\">2021-2022<\/a><\/li>\n\t<li><a href=\"https:\/\/bcsla.hu\/site\/category\/sfp\/2020-2021\/\">2020-2021<\/a><\/li>\n\t<li><a href=\"https:\/\/bcsla.hu\/site\/category\/sfp\/2019-2020\/\">2019-2020<\/a><\/li>\n\t<li><a href=\"https:\/\/bcsla.hu\/site\/category\/sfp\/2018-2019\/\">2018-2019<\/a><\/li>\n\t<li><a href=\"https:\/\/bcsla.hu\/site\/category\/sfp\/2017-2018\/\">2017-2018<\/a><\/li>\n\t<li><a href=\"https:\/\/bcsla.hu\/site\/category\/sfp\/2016-2017\/\">2016-2017<\/a><\/li>\n\t<li><a href=\"https:\/\/bcsla.hu\/site\/category\/sfp\/2015-2016\/\">2015-2016<\/a><\/li>\n\t<li><a href=\"https:\/\/bcsla.hu\/site\/category\/sfp\/2014-2015\/\">2014-2015<\/a><\/li>\n\t<li><a href=\"https:\/\/bcsla.hu\/site\/category\/sfp\/2013-2014\/\">2013-2014<\/a><\/li>\n\t<li><a href=\"https:\/\/bcsla.hu\/site\/category\/sfp\/2012-2013\/\">2012-2013<\/a><\/li>\n\t<li><a href=\"https:\/\/bcsla.hu\/site\/category\/eredmenyek\/20192020\/eredmenyek-u19-20192020\/\">Eredm\u00e9nyek U19<\/a><\/li>\n\t<li><a href=\"https:\/\/bcsla.hu\/site\/category\/eredmenyek\/20192020\/eredmenyek-u19-leany-20192020\/\">Eredm\u00e9nyek U19 Le\u00e1ny<\/a><\/li>\n\t<li><a href=\"https:\/\/bcsla.hu\/site\/category\/eredmenyek\/20192020\/eredmenyek-u17-20192020\/\">Eredm\u00e9nyek U17<\/a><\/li>\n\t<li><a href=\"https:\/\/bcsla.hu\/site\/category\/eredmenyek\/20192020\/eredmenyek-u16-20192020\/\">Eredm\u00e9nyek U16<\/a><\/li>\n\t<li><a href=\"https:\/\/bcsla.hu\/site\/category\/eredmenyek\/20192020\/eredmenyek-u16-leany-20192020\/\">Eredm\u00e9nyek U16 Le\u00e1ny<\/a><\/li>\n\t<li><a href=\"https:\/\/bcsla.hu\/site\/category\/eredmenyek\/20192020\/eredmenyek-u15-20192020\/\">Eredm\u00e9nyek U15<\/a><\/li>\n\t<li><a href=\"https:\/\/bcsla.hu\/site\/category\/eredmenyek\/20192020\/eredmenyek-u14-20192020\/\">Eredm\u00e9nyek U14<\/a><\/li>\n\t<li><a href=\"https:\/\/bcsla.hu\/site\/category\/eredmenyek\/20192020\/eredmenyek-u13-20192020\/\">Eredm\u00e9nyek U13<\/a><\/li>\n\t<li><a href=\"https:\/\/bcsla.hu\/site\/category\/eredmenyek\/20192020\/eredmenyek-u12-20192020\/\">Eredm\u00e9nyek U12<\/a><\/li>\n\t<li><a href=\"https:\/\/bcsla.hu\/site\/category\/eredmenyek\/20192020\/eredmenyek-u11-20192020\/\">Eredm\u00e9nyek U11<\/a><\/li>\n\t<li><a href=\"https:\/\/bcsla.hu\/site\/category\/eredmenyek\/20192020\/eredmenyek-u10-20192020\/\">Eredm\u00e9nyek U10<\/a><\/li>\n\t<li><a href=\"https:\/\/bcsla.hu\/site\/category\/eredmenyek\/20192020\/eredmenyek-u9-20192020\/\">Eredm\u00e9nyek U9<\/a><\/li>\n\t<li><a href=\"https:\/\/bcsla.hu\/site\/category\/eredmenyek\/20182019\/eredmenyek-u19-20182019\/\">Eredm\u00e9nyek U19<\/a><\/li>\n\t<li><a href=\"https:\/\/bcsla.hu\/site\/category\/eredmenyek\/20182019\/eredmenyek-u17-20182019\/\">Eredm\u00e9nyek U17<\/a><\/li>\n\t<li><a href=\"https:\/\/bcsla.hu\/site\/category\/eredmenyek\/20182019\/eredmenyek-u16-20182019\/\">Eredm\u00e9nyek U16<\/a><\/li>\n\t<li><a href=\"https:\/\/bcsla.hu\/site\/category\/eredmenyek\/20182019\/eredmenyek-u15-20182019\/\">Eredm\u00e9nyek U15<\/a><\/li>\n\t<li><a href=\"https:\/\/bcsla.hu\/site\/category\/eredmenyek\/20182019\/eredmenyek-u14-20182019\/\">Eredm\u00e9nyek U14<\/a><\/li>\n\t<li><a href=\"https:\/\/bcsla.hu\/site\/category\/eredmenyek\/20202021\/eredmenyek-u19-20202021\/\">Eredm\u00e9nyek U19<\/a><\/li>\n\t<li><a href=\"https:\/\/bcsla.hu\/site\/category\/eredmenyek\/20202021\/eredmenyek-u19-leany-20202021\/\">Eredm\u00e9nyek U19 Le\u00e1ny<\/a><\/li>\n\t<li><a href=\"https:\/\/bcsla.hu\/site\/category\/eredmenyek\/20202021\/eredmenyek-u17-20202021\/\">Eredm\u00e9nyek U17<\/a><\/li>\n\t<li><a href=\"https:\/\/bcsla.hu\/site\/category\/eredmenyek\/20202021\/eredmenyek-u16-20202021\/\">Eredm\u00e9nyek U16<\/a><\/li>\n\t<li><a href=\"https:\/\/bcsla.hu\/site\/category\/eredmenyek\/20202021\/eredmenyek-u16-leany-20202021\/\">Eredm\u00e9nyek U16 Le\u00e1ny<\/a><\/li>\n\t<li><a href=\"https:\/\/bcsla.hu\/site\/category\/eredmenyek\/20202021\/eredmenyek-u15-20202021\/\">Eredm\u00e9nyek U15<\/a><\/li>\n\t<li><a href=\"https:\/\/bcsla.hu\/site\/category\/eredmenyek\/20202021\/eredmenyek-u14-20202021\/\">Eredm\u00e9nyek U14<\/a><\/li>\n\t<li><a href=\"https:\/\/bcsla.hu\/site\/category\/eredmenyek\/20202021\/eredmenyek-u13-20202021\/\">Eredm\u00e9nyek U13<\/a><\/li>\n\t<li><a href=\"https:\/\/bcsla.hu\/site\/category\/eredmenyek\/20202021\/eredmenyek-u12-20202021\/\">Eredm\u00e9nyek U12<\/a><\/li>\n\t<li><a href=\"https:\/\/bcsla.hu\/site\/category\/eredmenyek\/20212022\/u19\/\">Eredm\u00e9nyek U19<\/a><\/li>\n\t<li><a href=\"https:\/\/bcsla.hu\/site\/category\/eredmenyek\/20212022\/eredmenyek-u19-leany\/\">Eredm\u00e9nyek U19 Le\u00e1ny<\/a><\/li>\n\t<li><a href=\"https:\/\/bcsla.hu\/site\/category\/eredmenyek\/20212022\/eredmenyek-u17\/\">Eredm\u00e9nyek U17<\/a><\/li>\n\t<li><a href=\"https:\/\/bcsla.hu\/site\/category\/eredmenyek\/20212022\/eredmenyek-u16\/\">Eredm\u00e9nyek U16<\/a><\/li>\n\t<li><a href=\"https:\/\/bcsla.hu\/site\/category\/eredmenyek\/20212022\/eredmenyek-u16-leany\/\">Eredm\u00e9nyek U16 Le\u00e1ny<\/a><\/li>\n\t<li><a href=\"https:\/\/bcsla.hu\/site\/category\/eredmenyek\/20212022\/eredmenyek-u15\/\">Eredm\u00e9nyek U15<\/a><\/li>\n\t<li><a href=\"https:\/\/bcsla.hu\/site\/category\/eredmenyek\/20212022\/eredmenyek-u14\/\">Eredm\u00e9nyek U14<\/a><\/li>\n\t<li><a href=\"https:\/\/bcsla.hu\/site\/category\/eredmenyek\/20212022\/eredmenyek-u13\/\">Eredm\u00e9nyek U13<\/a><\/li>\n\t<li><a href=\"https:\/\/bcsla.hu\/site\/category\/eredmenyek\/20212022\/eredmenyek-u12\/\">Eredm\u00e9nyek U12<\/a><\/li>\n\t<li><a href=\"https:\/\/bcsla.hu\/site\/category\/eredmenyek\/20222023\/eredmenyek-u19\/\">Eredm\u00e9nyek U19<\/a><\/li>\n\t<li><a href=\"https:\/\/bcsla.hu\/site\/category\/eredmenyek\/20222023\/eredmenyek-u19-leany-20222023\/\">Eredm\u00e9nyek U19 Le\u00e1ny<\/a><\/li>\n\t<li><a href=\"https:\/\/bcsla.hu\/site\/category\/eredmenyek\/20222023\/eredmenyek-u17-20222023\/\">Eredm\u00e9nyek U17<\/a><\/li>\n\t<li><a href=\"https:\/\/bcsla.hu\/site\/category\/eredmenyek\/20222023\/eredmenyek-u16-20222023\/\">Eredm\u00e9nyek U16<\/a><\/li>\n\t<li><a href=\"https:\/\/bcsla.hu\/site\/category\/eredmenyek\/20222023\/eredmenyek-u16-leany-20222023\/\">Eredm\u00e9nyek U16 Le\u00e1ny<\/a><\/li>\n\t<li><a href=\"https:\/\/bcsla.hu\/site\/category\/eredmenyek\/20222023\/eredmenyek-u15-20222023\/\">Eredm\u00e9nyek U15<\/a><\/li>\n\t<li><a href=\"https:\/\/bcsla.hu\/site\/category\/eredmenyek\/20222023\/eredmenyek-u14-20222023\/\">Eredm\u00e9nyek U14<\/a><\/li>\n\t<li><a href=\"https:\/\/bcsla.hu\/site\/category\/eredmenyek\/20222023\/eredmenyek-u13-20222023\/\">Eredm\u00e9nyek U13<\/a><\/li>\n\t<li><a href=\"https:\/\/bcsla.hu\/site\/category\/eredmenyek\/20222023\/eredmenyek-u12-20222023\/\">Eredm\u00e9nyek U12<\/a><\/li>\n\t<li><a href=\"https:\/\/bcsla.hu\/site\/category\/hirek\/interjuk\/\">Interj\u00fak<\/a><\/li>\n\t<li><a href=\"https:\/\/bcsla.hu\/site\/category\/hirek\/rolunk-irtak\/\">R\u00f3lunk \u00edrt\u00e1k<\/a><\/li>\n<\/ul>\n<\/div>\n","protected":false},"excerpt":{"rendered":"","protected":false},"author":1,"featured_media":0,"parent":2,"menu_order":38,"comment_status":"closed","ping_status":"closed","template":"","meta":{"footnotes":""},"class_list":["post-6014","page","type-page","status-publish","hentry"],"publishpress_future_action":{"enabled":false,"date":"2026-05-08 03:28:48","action":"change-status","newStatus":"draft","terms":[],"taxonomy":"","extraData":[]},"publishpress_future_workflow_manual_trigger":{"enabledWorkflows":[]},"_links":{"self":[{"href":"https:\/\/bcsla.hu\/site\/wp-json\/wp\/v2\/pages\/6014","targetHints":{"allow":["GET"]}}],"collection":[{"href":"https:\/\/bcsla.hu\/site\/wp-json\/wp\/v2\/pages"}],"about":[{"href":"https:\/\/bcsla.hu\/site\/wp-json\/wp\/v2\/types\/page"}],"author":[{"embeddable":true,"href":"https:\/\/bcsla.hu\/site\/wp-json\/wp\/v2\/users\/1"}],"replies":[{"embeddable":true,"href":"https:\/\/bcsla.hu\/site\/wp-json\/wp\/v2\/comments?post=6014"}],"version-history":[{"count":1,"href":"https:\/\/bcsla.hu\/site\/wp-json\/wp\/v2\/pages\/6014\/revisions"}],"predecessor-version":[{"id":6015,"href":"https:\/\/bcsla.hu\/site\/wp-json\/wp\/v2\/pages\/6014\/revisions\/6015"}],"up":[{"embeddable":true,"href":"https:\/\/bcsla.hu\/site\/wp-json\/wp\/v2\/pages\/2"}],"wp:attachment":[{"href":"https:\/\/bcsla.hu\/site\/wp-json\/wp\/v2\/media?parent=6014"}],"curies":[{"name":"wp","href":"https:\/\/api.w.org\/{rel}","templated":true}]}}