{"id":7322,"date":"2021-01-26T06:53:48","date_gmt":"2021-01-26T05:53:48","guid":{"rendered":"https:\/\/bcsla.hu\/site\/?page_id=7322"},"modified":"2021-01-26T06:53:48","modified_gmt":"2021-01-26T05:53:48","slug":"jelentkezes","status":"publish","type":"page","link":"https:\/\/bcsla.hu\/site\/kapcsolat\/jelentkezes\/","title":{"rendered":"Jelentkez\u00e9s"},"content":{"rendered":"<p style=\"text-align: justify;\"><strong>Val\u00f3s\u00edtsd meg az \u00e1lmaidat B\u00e9k\u00e9scsaba legnagyobb sportklubj\u00e1n\u00e1l, ahol az embers\u00e9get nem \u00edrja fel\u00fcl a szakmais\u00e1g, \u00e9s ahol garant\u00e1lt a megfelel\u0151 k\u00f6zeg \u00e9s a j\u00f3 hangulat \u2013 legyen sz\u00f3 ak\u00e1r az \u00f6r\u00f6mfocir\u00f3l, ak\u00e1r a topfutballr\u00f3l.<\/strong><\/p>\n<p style=\"text-align: justify;\">Folyamatosan v\u00e1rjuk ut\u00e1np\u00f3tl\u00e1s-kor\u00fa gyermekek \u00e9s fiatalok jelentkez\u00e9s\u00e9t a Double Pass \u00e1ltal audit\u00e1lt B\u00e9k\u00e9scsaba Labdar\u00fag\u00f3 Akad\u00e9mi\u00e1ra. Fontos, hogy a jelentkez\u00e9si lap kit\u00f6lt\u00e9se el\u0151tt ismerd meg klubunkat, hiszen a B\u00e9k\u00e9scsaba 1912 El\u0151re Sportegyes\u00fclet egy k\u00fcl\u00f6nleges k\u00f6z\u00f6ss\u00e9g, amely felel\u0151ss\u00e9get v\u00e1llal tagjai\u00e9rt. Egyes\u00fclet\u00fcnk megismer\u00e9s\u00e9hez a legjobb, ha v\u00e9gigb\u00f6ng\u00e9szed honlapunkat!<\/p>\n<p style=\"text-align: justify;\">Honlapunkon k\u00f6zz\u00e9tett \u00e9rt\u00e9keink mellett tov\u00e1bbi \u00e9rdekess\u00e9geket is tal\u00e1lhatsz r\u00f3lunk k\u00f6z\u00f6ss\u00e9gi m\u00e9dia fel\u00fcleteinken, \u00edgy a\u00a0B\u00e9k\u00e9scsaba 1912 El\u0151re SE <a href=\"https:\/\/www.instagram.com\/bcsla.hu\/\" target=\"_blank\" rel=\"noopener noreferrer\"><strong>Instagram<\/strong><\/a>, <a href=\"https:\/\/www.facebook.com\/bcsla.hu\" target=\"_blank\" rel=\"noopener noreferrer\"><strong>Facebook<\/strong><\/a> vagy <a href=\"https:\/\/twitter.com\/BcslaHu\" target=\"_blank\" rel=\"noopener noreferrer\"><strong>Twitter<\/strong><\/a> oldal\u00e1n.<\/p>\n<p style=\"text-align: center;\"><img decoding=\"async\" class=\"alignnone size-full wp-image-34\" src=\"https:\/\/bcsla.hu\/site\/wp-content\/uploads\/2017\/03\/line_purple.png\" alt=\"\" width=\"680\" height=\"1\" srcset=\"https:\/\/bcsla.hu\/site\/wp-content\/uploads\/2017\/03\/line_purple.png 680w, https:\/\/bcsla.hu\/site\/wp-content\/uploads\/2017\/03\/line_purple-150x1.png 150w, https:\/\/bcsla.hu\/site\/wp-content\/uploads\/2017\/03\/line_purple-300x1.png 300w, https:\/\/bcsla.hu\/site\/wp-content\/uploads\/2017\/03\/line_purple-292x1.png 292w, https:\/\/bcsla.hu\/site\/wp-content\/uploads\/2017\/03\/line_purple-100x1.png 100w, https:\/\/bcsla.hu\/site\/wp-content\/uploads\/2017\/03\/line_purple-50x1.png 50w, https:\/\/bcsla.hu\/site\/wp-content\/uploads\/2017\/03\/line_purple-25x1.png 25w, https:\/\/bcsla.hu\/site\/wp-content\/uploads\/2017\/03\/line_purple-90x1.png 90w\" sizes=\"(max-width: 680px) 100vw, 680px\" \/><\/p>\n<p style=\"text-align: justify;\"><div id=\"vfb-form-1\" class=\"visual-form-builder-container\"><form id=\"regisztracio-1\" class=\"visual-form-builder vfb-form-1 \" method=\"post\" enctype=\"multipart\/form-data\">\n\t  \t<input type=\"hidden\" name=\"form_id\" value=\"1\" \/><fieldset class=\"vfb-fieldset vfb-fieldset-1 1 \" id=\"item-vfb-1\">&nbsp;<ul class=\"vfb-section vfb-section-1\"><li class=\"vfb-item vfb-item-instructions  \" id=\"item-vfb-5\"><label class=\"vfb-desc\">Inform\u00e1ci\u00f3k <\/label><div align=\"justify\">A jelentkez\u00e9shez el\u0151zetes regisztr\u00e1ci\u00f3 sz\u00fcks\u00e9ges, amelyet az al\u00e1bbi \u0171rlap kit\u00f6lt\u00e9s\u00e9vel gyorsan megtehetsz! A kit\u00f6lt\u00f6tt jelentkez\u00e9si lap elk\u00fcld\u00e9se ut\u00e1n k\u00e9rj\u00fck a jelentkez\u0151ket, egyeztessenek edz\u00e9sid\u0151pontot a koroszt\u00e1lyos edz\u0151vel.<br>\r\n  <br>\r\nA *-gal jel\u00f6lt mez\u0151k kit\u00f6lt\u00e9se \u00e9s az ellen\u0151rz\u0151 k\u00f3d be\u00edr\u00e1sa sz\u00fcks\u00e9ges.<\/div><\/li><li class=\"vfb-item vfb-item-text  \" id=\"item-vfb-6\"><label for=\"vfb-6\" class=\"vfb-desc\">N\u00e9v  <span class=\"vfb-required-asterisk\">*<\/span><\/label><input type=\"text\" name=\"vfb-6\" id=\"vfb-6\" value=\"\" class=\"vfb-text  vfb-medium  required  \" \/><\/li><li class=\"vfb-item vfb-item-email  \" id=\"item-vfb-7\"><label for=\"vfb-7\" class=\"vfb-desc\">E-mail c\u00edm  <span class=\"vfb-required-asterisk\">*<\/span><\/label><input type=\"email\" name=\"vfb-7\" id=\"vfb-7\" value=\"\" class=\"vfb-text  vfb-medium  required  email \" \/><\/li><li class=\"vfb-item vfb-item-phone  \" id=\"item-vfb-8\"><label for=\"vfb-8\" class=\"vfb-desc\">Telefonsz\u00e1m  <span class=\"vfb-required-asterisk\">*<\/span><\/label><span class=\"vfb-span\"><input type=\"tel\" name=\"vfb-8\" id=\"vfb-8\" value=\"\" class=\"vfb-text  vfb-medium  required  phone \" \/><label>Csak sz\u00e1mokat sz\u00edveskedjen be\u00edrni!<\/label><\/span><\/li><li class=\"vfb-item vfb-item-select   vfb-left-third\" id=\"item-vfb-40\"><label for=\"vfb-40\" class=\"vfb-desc\">Sz\u00fclet\u00e9si \u00e9v  <span class=\"vfb-required-asterisk\">*<\/span><\/label><span class=\"vfb-span\"><label>V\u00e1lassz!<\/label><\/span><select name=\"vfb-40\" id=\"vfb-40\" class=\"vfb-select  vfb-small  required \"><option value=\"2005\">2005<\/option><option value=\"2006\">2006<\/option><option value=\"2007\">2007<\/option><option value=\"2008\">2008<\/option><option value=\"2009\">2009<\/option><option value=\"2010\">2010<\/option><option value=\"2011\">2011<\/option><option value=\"2012\">2012<\/option><option value=\"2013\">2013<\/option><option value=\"2014\">2014<\/option><\/select><\/li><li class=\"vfb-item vfb-item-select   vfb-middle-third\" id=\"item-vfb-41\"><label for=\"vfb-41\" class=\"vfb-desc\">Sz\u00fclet\u00e9si h\u00f3nap  <span class=\"vfb-required-asterisk\">*<\/span><\/label><span class=\"vfb-span\"><label>V\u00e1lassz!<\/label><\/span><select name=\"vfb-41\" id=\"vfb-41\" class=\"vfb-select  vfb-small  required \"><option value=\"janu\u00e1r\">janu\u00e1r<\/option><option value=\"febru\u00e1r\">febru\u00e1r<\/option><option value=\"m\u00e1rcius\">m\u00e1rcius<\/option><option value=\"\u00e1prilis\">\u00e1prilis<\/option><option value=\"m\u00e1jus\">m\u00e1jus<\/option><option value=\"j\u00fanius\">j\u00fanius<\/option><option value=\"j\u00falius\">j\u00falius<\/option><option value=\"augusztus\">augusztus<\/option><option value=\"szeptember\">szeptember<\/option><option value=\"okt\u00f3ber\">okt\u00f3ber<\/option><option value=\"november\">november<\/option><option value=\"december\">december<\/option><\/select><\/li><li class=\"vfb-item vfb-item-select   vfb-right-third\" id=\"item-vfb-42\"><label for=\"vfb-42\" class=\"vfb-desc\">Sz\u00fclet\u00e9si nap  <span class=\"vfb-required-asterisk\">*<\/span><\/label><span class=\"vfb-span\"><label>V\u00e1lassz!<\/label><\/span><select name=\"vfb-42\" id=\"vfb-42\" class=\"vfb-select  vfb-medium  required \"><option value=\"01\">01<\/option><option value=\"02\">02<\/option><option value=\"03\">03<\/option><option value=\"04\">04<\/option><option value=\"05\">05<\/option><option value=\"06\">06<\/option><option value=\"07\">07<\/option><option value=\"08\">08<\/option><option value=\"09\">09<\/option><option value=\"10\">10<\/option><option value=\"11\">11<\/option><option value=\"12\">12<\/option><option value=\"13\">13<\/option><option value=\"14\">14<\/option><option value=\"15\">15<\/option><option value=\"16\">16<\/option><option value=\"17\">17<\/option><option value=\"18\">18<\/option><option value=\"19\">19<\/option><option value=\"20\">20<\/option><option value=\"21\">21<\/option><option value=\"22\">22<\/option><option value=\"23\">23<\/option><option value=\"24\">24<\/option><option value=\"25\">25<\/option><option value=\"26\">26<\/option><option value=\"27\">27<\/option><option value=\"28\">28<\/option><option value=\"29\">29<\/option><option value=\"30\">30<\/option><option value=\"31\">31<\/option><\/select><\/li><li class=\"vfb-item vfb-item-text  \" id=\"item-vfb-45\"><label for=\"vfb-45\" class=\"vfb-desc\">\u00c9desanyja neve  <span class=\"vfb-required-asterisk\">*<\/span><\/label><input type=\"text\" name=\"vfb-45\" id=\"vfb-45\" value=\"\" class=\"vfb-text  vfb-medium  required  \" \/><\/li><li class=\"vfb-item vfb-item-address  \" id=\"item-vfb-46\"><label class=\"vfb-desc\">Lakc\u00edm  <span class=\"vfb-required-asterisk\">*<\/span><\/label><div><span class=\"vfb-full\"><input type=\"text\" name=\"vfb-46[address]\" id=\"vfb-46-address\" maxlength=\"150\" class=\"vfb-text vfb-medium  required \" \/><label for=\"vfb-46-address\">Street Address<\/label><\/span><span class=\"vfb-full\"><input type=\"text\" name=\"vfb-46[address-2]\" id=\"vfb-46-address-2\" maxlength=\"150\" class=\"vfb-text vfb-medium  \" \/><label for=\"vfb-46-address-2\">Apt, Suite, Bldg. (optional)<\/label><\/span><span class=\"vfb-left\"><input type=\"text\" name=\"vfb-46[city]\" id=\"vfb-46-city\" maxlength=\"150\" class=\"vfb-text vfb-medium  required \" \/><label for=\"vfb-46-city\">City<\/label><\/span><span class=\"vfb-right\"><input type=\"text\" name=\"vfb-46[state]\" id=\"vfb-46-state\" maxlength=\"150\" class=\"vfb-text vfb-medium  required \" \/><label for=\"vfb-46-state\">State \/ Province \/ Region<\/label><\/span><span class=\"vfb-left\"><input type=\"text\" name=\"vfb-46[zip]\" id=\"vfb-46-zip\" maxlength=\"150\" class=\"vfb-text vfb-medium  required \" \/><label for=\"vfb-46-zip\">Postal \/ Zip Code<\/label><\/span><span class=\"vfb-right\"><select name=\"vfb-46[country]\" class=\"vfb-select  required \" id=\"vfb-46-country\"><option value=\"\"><\/option><option value=\"Afghanistan\">Afghanistan<\/option><option value=\"Albania\">Albania<\/option><option value=\"Algeria\">Algeria<\/option><option value=\"Andorra\">Andorra<\/option><option value=\"Angola\">Angola<\/option><option value=\"Antigua and Barbuda\">Antigua and Barbuda<\/option><option value=\"Argentina\">Argentina<\/option><option value=\"Armenia\">Armenia<\/option><option value=\"Australia\">Australia<\/option><option value=\"Austria\">Austria<\/option><option value=\"Azerbaijan\">Azerbaijan<\/option><option value=\"Bahamas\">Bahamas<\/option><option value=\"Bahrain\">Bahrain<\/option><option value=\"Bangladesh\">Bangladesh<\/option><option value=\"Barbados\">Barbados<\/option><option value=\"Belarus\">Belarus<\/option><option value=\"Belgium\">Belgium<\/option><option value=\"Belize\">Belize<\/option><option value=\"Benin\">Benin<\/option><option value=\"Bhutan\">Bhutan<\/option><option value=\"Bolivia\">Bolivia<\/option><option value=\"Bosnia and Herzegovina\">Bosnia and Herzegovina<\/option><option value=\"Botswana\">Botswana<\/option><option value=\"Brazil\">Brazil<\/option><option value=\"Brunei\">Brunei<\/option><option value=\"Bulgaria\">Bulgaria<\/option><option value=\"Burkina Faso\">Burkina Faso<\/option><option value=\"Burundi\">Burundi<\/option><option value=\"Cambodia\">Cambodia<\/option><option value=\"Cameroon\">Cameroon<\/option><option value=\"Canada\">Canada<\/option><option value=\"Cape Verde\">Cape Verde<\/option><option value=\"Central African Republic\">Central African Republic<\/option><option value=\"Chad\">Chad<\/option><option value=\"Chile\">Chile<\/option><option value=\"China\">China<\/option><option value=\"Colombia\">Colombia<\/option><option value=\"Comoros\">Comoros<\/option><option value=\"Congo (Brazzaville)\">Congo (Brazzaville)<\/option><option value=\"Congo\">Congo<\/option><option value=\"Costa Rica\">Costa Rica<\/option><option value=\"Cote d\\'Ivoire\">Cote d\\'Ivoire<\/option><option value=\"Croatia\">Croatia<\/option><option value=\"Cuba\">Cuba<\/option><option value=\"Cyprus\">Cyprus<\/option><option value=\"Czech Republic\">Czech Republic<\/option><option value=\"Denmark\">Denmark<\/option><option value=\"Djibouti\">Djibouti<\/option><option value=\"Dominica\">Dominica<\/option><option value=\"Dominican Republic\">Dominican Republic<\/option><option value=\"East Timor (Timor Timur)\">East Timor (Timor Timur)<\/option><option value=\"Ecuador\">Ecuador<\/option><option value=\"Egypt\">Egypt<\/option><option value=\"El Salvador\">El Salvador<\/option><option value=\"Equatorial Guinea\">Equatorial Guinea<\/option><option value=\"Eritrea\">Eritrea<\/option><option value=\"Estonia\">Estonia<\/option><option value=\"Ethiopia\">Ethiopia<\/option><option value=\"Fiji\">Fiji<\/option><option value=\"Finland\">Finland<\/option><option value=\"France\">France<\/option><option value=\"Gabon\">Gabon<\/option><option value=\"Gambia, The\">Gambia, The<\/option><option value=\"Georgia\">Georgia<\/option><option value=\"Germany\">Germany<\/option><option value=\"Ghana\">Ghana<\/option><option value=\"Greece\">Greece<\/option><option value=\"Grenada\">Grenada<\/option><option value=\"Guatemala\">Guatemala<\/option><option value=\"Guinea\">Guinea<\/option><option value=\"Guinea-Bissau\">Guinea-Bissau<\/option><option value=\"Guyana\">Guyana<\/option><option value=\"Haiti\">Haiti<\/option><option value=\"Honduras\">Honduras<\/option><option value=\"Hungary\" selected='selected'>Hungary<\/option><option value=\"Iceland\">Iceland<\/option><option value=\"India\">India<\/option><option value=\"Indonesia\">Indonesia<\/option><option value=\"Iran\">Iran<\/option><option value=\"Iraq\">Iraq<\/option><option value=\"Ireland\">Ireland<\/option><option value=\"Israel\">Israel<\/option><option value=\"Italy\">Italy<\/option><option value=\"Jamaica\">Jamaica<\/option><option value=\"Japan\">Japan<\/option><option value=\"Jordan\">Jordan<\/option><option value=\"Kazakhstan\">Kazakhstan<\/option><option value=\"Kenya\">Kenya<\/option><option value=\"Kiribati\">Kiribati<\/option><option value=\"Korea, North\">Korea, North<\/option><option value=\"Korea, South\">Korea, South<\/option><option value=\"Kuwait\">Kuwait<\/option><option value=\"Kyrgyzstan\">Kyrgyzstan<\/option><option value=\"Laos\">Laos<\/option><option value=\"Latvia\">Latvia<\/option><option value=\"Lebanon\">Lebanon<\/option><option value=\"Lesotho\">Lesotho<\/option><option value=\"Liberia\">Liberia<\/option><option value=\"Libya\">Libya<\/option><option value=\"Liechtenstein\">Liechtenstein<\/option><option value=\"Lithuania\">Lithuania<\/option><option value=\"Luxembourg\">Luxembourg<\/option><option value=\"Macedonia\">Macedonia<\/option><option value=\"Madagascar\">Madagascar<\/option><option value=\"Malawi\">Malawi<\/option><option value=\"Malaysia\">Malaysia<\/option><option value=\"Maldives\">Maldives<\/option><option value=\"Mali\">Mali<\/option><option value=\"Malta\">Malta<\/option><option value=\"Marshall Islands\">Marshall Islands<\/option><option value=\"Mauritania\">Mauritania<\/option><option value=\"Mauritius\">Mauritius<\/option><option value=\"Mexico\">Mexico<\/option><option value=\"Micronesia\">Micronesia<\/option><option value=\"Moldova\">Moldova<\/option><option value=\"Monaco\">Monaco<\/option><option value=\"Mongolia\">Mongolia<\/option><option value=\"Montenegro\">Montenegro<\/option><option value=\"Morocco\">Morocco<\/option><option value=\"Mozambique\">Mozambique<\/option><option value=\"Myanmar\">Myanmar<\/option><option value=\"Namibia\">Namibia<\/option><option value=\"Nauru\">Nauru<\/option><option value=\"Nepal\">Nepal<\/option><option value=\"Netherlands\">Netherlands<\/option><option value=\"New Zealand\">New Zealand<\/option><option value=\"Nicaragua\">Nicaragua<\/option><option value=\"Niger\">Niger<\/option><option value=\"Nigeria\">Nigeria<\/option><option value=\"Norway\">Norway<\/option><option value=\"Oman\">Oman<\/option><option value=\"Pakistan\">Pakistan<\/option><option value=\"Palestinian Territory\">Palestinian Territory<\/option><option value=\"Palau\">Palau<\/option><option value=\"Panama\">Panama<\/option><option value=\"Papua New Guinea\">Papua New Guinea<\/option><option value=\"Paraguay\">Paraguay<\/option><option value=\"Peru\">Peru<\/option><option value=\"Philippines\">Philippines<\/option><option value=\"Poland\">Poland<\/option><option value=\"Portugal\">Portugal<\/option><option value=\"Qatar\">Qatar<\/option><option value=\"Romania\">Romania<\/option><option value=\"Russia\">Russia<\/option><option value=\"Rwanda\">Rwanda<\/option><option value=\"Saint Kitts and Nevis\">Saint Kitts and Nevis<\/option><option value=\"Saint Lucia\">Saint Lucia<\/option><option value=\"Saint Vincent\">Saint Vincent<\/option><option value=\"Samoa\">Samoa<\/option><option value=\"San Marino\">San Marino<\/option><option value=\"Sao Tome and Principe\">Sao Tome and Principe<\/option><option value=\"Saudi Arabia\">Saudi Arabia<\/option><option value=\"Senegal\">Senegal<\/option><option value=\"Serbia\">Serbia<\/option><option value=\"Seychelles\">Seychelles<\/option><option value=\"Sierra Leone\">Sierra Leone<\/option><option value=\"Singapore\">Singapore<\/option><option value=\"Slovakia\">Slovakia<\/option><option value=\"Slovenia\">Slovenia<\/option><option value=\"Solomon Islands\">Solomon Islands<\/option><option value=\"Somalia\">Somalia<\/option><option value=\"South Africa\">South Africa<\/option><option value=\"Spain\">Spain<\/option><option value=\"Sri Lanka\">Sri Lanka<\/option><option value=\"Sudan\">Sudan<\/option><option value=\"Suriname\">Suriname<\/option><option value=\"Swaziland\">Swaziland<\/option><option value=\"Sweden\">Sweden<\/option><option value=\"Switzerland\">Switzerland<\/option><option value=\"Syria\">Syria<\/option><option value=\"Taiwan\">Taiwan<\/option><option value=\"Tajikistan\">Tajikistan<\/option><option value=\"Tanzania\">Tanzania<\/option><option value=\"Thailand\">Thailand<\/option><option value=\"Togo\">Togo<\/option><option value=\"Tonga\">Tonga<\/option><option value=\"Trinidad and Tobago\">Trinidad and Tobago<\/option><option value=\"Tunisia\">Tunisia<\/option><option value=\"Turkey\">Turkey<\/option><option value=\"Turkmenistan\">Turkmenistan<\/option><option value=\"Tuvalu\">Tuvalu<\/option><option value=\"Uganda\">Uganda<\/option><option value=\"Ukraine\">Ukraine<\/option><option value=\"United Arab Emirates\">United Arab Emirates<\/option><option value=\"United Kingdom\">United Kingdom<\/option><option value=\"United States of America\">United States of America<\/option><option value=\"Uruguay\">Uruguay<\/option><option value=\"Uzbekistan\">Uzbekistan<\/option><option value=\"Vanuatu\">Vanuatu<\/option><option value=\"Vatican City\">Vatican City<\/option><option value=\"Venezuela\">Venezuela<\/option><option value=\"Vietnam\">Vietnam<\/option><option value=\"Western Sahara\">Western Sahara<\/option><option value=\"Western Samoa\">Western Samoa<\/option><option value=\"Yemen\">Yemen<\/option><option value=\"Zambia\">Zambia<\/option><option value=\"Zimbabwe\">Zimbabwe<\/option><\/select><label for=\"vfb-46-country\">Country<\/label><\/span><\/div><\/li><li class=\"vfb-item vfb-item-text  \" id=\"item-vfb-47\"><label for=\"vfb-47\" class=\"vfb-desc\">Jelenlegi egyes\u00fclete <\/label><span class=\"vfb-span\"><input type=\"text\" name=\"vfb-47\" id=\"vfb-47\" value=\"\" class=\"vfb-text  vfb-medium   \" \/><label>Amennyiben nincs, hagyd \u00fcresen!<\/label><\/span><\/li><li class=\"vfb-item vfb-item-checkbox  \" id=\"item-vfb-48\"><label class=\"vfb-desc\">Megismertem \u00e9s elfogadom az adatkezel\u00e9si nyilatkozatot!  <span class=\"vfb-required-asterisk\">*<\/span><\/label><div><span><label><font color=\"black\"><a href=\"https:\/\/bcsla.hu\/site\/adatvedelem\/\" target=\"_blank\">https:\/\/bcsla.hu\/site\/adatvedelem\/<\/a><\/label><\/span><span class=\"vfb-span\"><input type=\"checkbox\" name=\"vfb-48[]\" id=\"vfb-48-0\" value=\"Igen\" class=\"vfb-checkbox  required \" \/><label for=\"vfb-48-0\" class=\"vfb-choice\">Igen<\/label><\/span><div style=\"clear:both\"><\/div><\/div><\/li><\/ul>&nbsp;<\/fieldset><fieldset class=\"vfb-fieldset vfb-fieldset-2 captcha-kod \" id=\"item-vfb-2\" style=\"display:block\"><div class=\"vfb-legend\"><h3>Captcha-k\u00f3d<\/h3><\/div><ul class=\"vfb-section vfb-section-2\"><li class=\"vfb-item vfb-item-secret\"  style=\"display:block\"><label for=\"vfb-3\" class=\"vfb-desc\">\u00cdrjon be k\u00e9t karakterb\u0151l \u00e1ll\u00f3 sz\u00e1mjegyet! <span class=\"vfb-required-asterisk\">*<\/span><\/label><input type=\"hidden\" name=\"_vfb-secret\" value=\"vfb-3\" \/><span class=\"vfb-span\"><input type=\"text\" name=\"vfb-3\" id=\"vfb-3\" value=\"\" class=\"vfb-text  vfb-medium  required {digits:true,maxlength:2,minlength:2} \" style=\"display:block\" \/><label>P\u00e9ld\u00e1ul: 12<\/label><\/span><li style=\"display:none;\"><label>This box is for spam protection - &lt;strong&gt;please leave it blank&lt;\/strong&gt;:<\/label><div><input name=\"vfb-spam\" \/><\/div><\/li>\n\t\t\t<li class=\"vfb-item vfb-item-submit\" id=\"item-vfb-4\">\n\t\t\t\t<input type=\"submit\" name=\"vfb-submit\" id=\"vfb-4\" value=\"Regisztr\u00e1ci\u00f3 elk\u00fcld\u00e9se\" class=\"vfb-submit \" \/>\n\t\t\t\t<\/li><\/ul>\n\t\t\t<\/fieldset><input type=\"hidden\" name=\"_wp_http_referer\" value=\"\/site\/wp-json\/wp\/v2\/pages\/7322\" \/><\/form><\/div> <!-- .visual-form-builder-container --><\/p>\n","protected":false},"excerpt":{"rendered":"<p>Val\u00f3s\u00edtsd meg az \u00e1lmaidat B\u00e9k\u00e9scsaba legnagyobb sportklubj\u00e1n\u00e1l, ahol az embers\u00e9get nem \u00edrja fel\u00fcl a szakmais\u00e1g, \u00e9s ahol garant\u00e1lt a megfelel\u0151 k\u00f6zeg \u00e9s a j\u00f3 hangulat \u2013 legyen sz\u00f3 ak\u00e1r az \u00f6r\u00f6mfocir\u00f3l, ak\u00e1r a topfutballr\u00f3l. Folyamatosan v\u00e1rjuk ut\u00e1np\u00f3tl\u00e1s-kor\u00fa gyermekek \u00e9s fiatalok jelentkez\u00e9s\u00e9t a Double Pass \u00e1ltal audit\u00e1lt B\u00e9k\u00e9scsaba Labdar\u00fag\u00f3 Akad\u00e9mi\u00e1ra. Fontos, hogy a jelentkez\u00e9si lap kit\u00f6lt\u00e9se [&hellip;]<\/p>\n","protected":false},"author":1,"featured_media":0,"parent":2,"menu_order":21,"comment_status":"closed","ping_status":"closed","template":"","meta":{"footnotes":""},"class_list":["post-7322","page","type-page","status-publish","hentry"],"publishpress_future_action":{"enabled":false,"date":"2026-05-07 01:27:21","action":"change-status","newStatus":"draft","terms":[],"taxonomy":"","extraData":[]},"publishpress_future_workflow_manual_trigger":{"enabledWorkflows":[]},"_links":{"self":[{"href":"https:\/\/bcsla.hu\/site\/wp-json\/wp\/v2\/pages\/7322","targetHints":{"allow":["GET"]}}],"collection":[{"href":"https:\/\/bcsla.hu\/site\/wp-json\/wp\/v2\/pages"}],"about":[{"href":"https:\/\/bcsla.hu\/site\/wp-json\/wp\/v2\/types\/page"}],"author":[{"embeddable":true,"href":"https:\/\/bcsla.hu\/site\/wp-json\/wp\/v2\/users\/1"}],"replies":[{"embeddable":true,"href":"https:\/\/bcsla.hu\/site\/wp-json\/wp\/v2\/comments?post=7322"}],"version-history":[{"count":1,"href":"https:\/\/bcsla.hu\/site\/wp-json\/wp\/v2\/pages\/7322\/revisions"}],"predecessor-version":[{"id":7323,"href":"https:\/\/bcsla.hu\/site\/wp-json\/wp\/v2\/pages\/7322\/revisions\/7323"}],"up":[{"embeddable":true,"href":"https:\/\/bcsla.hu\/site\/wp-json\/wp\/v2\/pages\/2"}],"wp:attachment":[{"href":"https:\/\/bcsla.hu\/site\/wp-json\/wp\/v2\/media?parent=7322"}],"curies":[{"name":"wp","href":"https:\/\/api.w.org\/{rel}","templated":true}]}}